{"id":51310,"date":"2023-08-14T11:24:22","date_gmt":"2023-08-14T11:24:22","guid":{"rendered":"https:\/\/hotelhcp.com\/sostenibilitat\/"},"modified":"2023-09-05T11:10:06","modified_gmt":"2023-09-05T11:10:06","slug":"durabilite","status":"publish","type":"page","link":"https:\/\/hotelhcp.com\/fr\/durabilite\/","title":{"rendered":"Chez h\u00f4tel HCP, nous sommes durables"},"content":{"rendered":"\n\t<section class=\"section imatge-fixa-sostenibilitat\" id=\"section_386622139\">\n\t\t<div class=\"section-bg fill\" >\n\t\t\t\t\t\t\t\t\t\n\t\t\t\n\n\t\t<\/div>\n\n\t\t\n\n\t\t<div class=\"section-content relative\">\n\t\t\t\n\t\t<\/div>\n\n\t\t\n<style>\n#section_386622139 {\n  padding-top: 30px;\n  padding-bottom: 30px;\n}\n<\/style>\n\t<\/section>\n\t\n\n  <div class=\"banner has-hover\" id=\"banner-1575458120\">\n          <div class=\"banner-inner fill\">\n        <div class=\"banner-bg fill\" >\n                                                \n\t<div class=\"is-border\"\n\t\tstyle=\"border-width:0px 0px 0px 0px;\">\n\t<\/div>\n                    <\/div>\n\t\t\n        <div class=\"banner-layers container\">\n            <div class=\"fill banner-link\"><\/div>            \n   <div id=\"text-box-991642776\" class=\"text-box banner-layer x50 md-x50 lg-x50 y50 md-y50 lg-y50 res-text\">\n                                <div class=\"text-box-content text dark\">\n              \n              <div class=\"text-inner text-center\">\n                  \n<div class=\"row\"  id=\"row-1075744189\">\n\n\t<div id=\"col-22197298\" class=\"col small-12 large-12\"  >\n\t\t\t\t<div class=\"col-inner text-center\"  >\n\t\t\t\n\t\t\t\n\n\t\t<div class=\"icon-box featured-box icon-box-top text-left\"  >\n\t\t\t\t\t<div class=\"icon-box-img\" style=\"width: 120px\">\n\t\t\t\t<div class=\"icon\">\n\t\t\t\t\t<div class=\"icon-inner\" >\n\t\t\t\t\t\t<img loading=\"lazy\" decoding=\"async\" width=\"214\" height=\"50\" src=\"https:\/\/hotelhcp.com\/wp-content\/uploads\/2023\/08\/3star-white-214x50-1.png\" class=\"attachment-medium size-medium\" alt=\"\" \/>\t\t\t\t\t<\/div>\n\t\t\t\t<\/div>\n\t\t\t<\/div>\n\t\t\t\t<div class=\"icon-box-text last-reset\">\n\t\t\t\t\t\t\t\t\t\n\t<div id=\"text-1276777467\" class=\"text\">\n\t\t\n<h4><span style=\"font-size: 150%;\">HCP pour la durabilit\u00e9<\/span><\/h4>\n\t\t\n<style>\n#text-1276777467 {\n  text-align: center;\n}\n<\/style>\n\t<\/div>\n\t\n\t\t<\/div>\n\t<\/div>\n\t\n\t\n\t\t<\/div>\n\t\t\t\t\t<\/div>\n\n\t\n<\/div>\n\t<div id=\"text-4239321931\" class=\"text\">\n\t\t\n<p style=\"text-align: justify;\">\u00c0 <em><strong>l&rsquo;H\u00f4tel HCP,<\/strong><\/em> nous nous sommes engag\u00e9s d\u00e8s le premier jour \u00e0 pratiquer un tourisme plus durable et plus responsable, en adoptant des mesures d&rsquo;\u00e9conomie d&rsquo;\u00e9nergie et d&rsquo;eau, en impliquant la communaut\u00e9 locale et en renfor\u00e7ant les valeurs de conservation et de protection de notre environnement.<\/p>\n<p style=\"text-align: justify;\">Et toutes ces mesures nous permettent de contribuer \u00e0 la r\u00e9alisation des Objectifs de d\u00e9veloppement durable (ODD) des Nations Unies int\u00e9gr\u00e9s dans l&rsquo;Agenda 2030.<\/p>\n<p><a href=\"https:\/\/www.un.org\/sustainabledevelopment\/fr\/\" target=\"_blank\" rel=\"noopener\"><img loading=\"lazy\" decoding=\"async\" class=\"alignright wp-image-51715\" style=\"font-size: 14.4px; text-align: justify;\" src=\"https:\/\/hotelhcp.com\/wp-content\/uploads\/2023\/09\/onu2030-allargat.png\" alt=\"\" width=\"257\" height=\"50\" srcset=\"https:\/\/hotelhcp.com\/wp-content\/uploads\/2023\/09\/onu2030-allargat.png 770w, https:\/\/hotelhcp.com\/wp-content\/uploads\/2023\/09\/onu2030-allargat-768x150.png 768w\" sizes=\"(max-width: 257px) 100vw, 257px\" \/><\/a><\/p>\n\t\t\n<style>\n#text-4239321931 {\n  font-size: 1.2rem;\n  text-align: center;\n  color: rgb(255,255,255);\n}\n#text-4239321931 > * {\n  color: rgb(255,255,255);\n}\n@media (min-width:550px) {\n  #text-4239321931 {\n    font-size: 1.3rem;\n  }\n}\n<\/style>\n\t<\/div>\n\t\n              <\/div>\n           <\/div>\n                            \n<style>\n#text-box-991642776 .text-inner {\n  padding: 20px 20px 20px 20px;\n}\n#text-box-991642776 {\n  width: 100%;\n}\n#text-box-991642776 .text-box-content {\n  font-size: 100%;\n}\n<\/style>\n    <\/div>\n \n        <\/div>\n      <\/div>\n\n            \n<style>\n#banner-1575458120 {\n  padding-top: 750px;\n  background-color: #79766e;\n}\n@media (min-width:550px) {\n  #banner-1575458120 {\n    padding-top: 600px;\n  }\n}\n<\/style>\n  <\/div>\n\n\n\n\t<section class=\"section imatge-fixa-sostenibilitat2\" id=\"section_972838804\">\n\t\t<div class=\"section-bg fill\" >\n\t\t\t\t\t\t\t\t\t\n\t\t\t\n\n\t\t<\/div>\n\n\t\t\n\n\t\t<div class=\"section-content relative\">\n\t\t\t\n<div class=\"row\"  id=\"row-40856159\">\n\n\t<div id=\"col-774551465\" class=\"col small-12 large-12\"  >\n\t\t\t\t<div class=\"col-inner\"  >\n\t\t\t\n\t\t\t\n\t<div id=\"text-612272564\" class=\"text\">\n\t\t\n<h3><em><span style=\"font-size: 120%;\">Nos petits grains de sable&#8230;<\/span><\/em><\/h3>\n\t\t\n<style>\n#text-612272564 {\n  text-align: center;\n  color: #79766e;\n}\n#text-612272564 > * {\n  color: #79766e;\n}\n<\/style>\n\t<\/div>\n\t\n\t\t<\/div>\n\t\t\t\t\t<\/div>\n\n\t\n<\/div>\n<div class=\"row\"  id=\"row-1305220693\">\n\n\t<div id=\"col-1740570276\" class=\"col hover-sostenibilitat medium-4 small-12 large-4\"  data-animate=\"flipInX\">\n\t\t\t\t<div class=\"col-inner text-left box-shadow-3 box-shadow-4-hover\" style=\"background-color:rgb(255, 255, 255);\" >\n\t\t\t\n\t\t\t\n<div class=\"row\"  id=\"row-1279571246\">\n\n\t<div id=\"col-434752285\" class=\"col small-12 large-12\"  >\n\t\t\t\t<div class=\"col-inner\"  >\n\t\t\t\n\t\t\t\n\t<div class=\"img has-hover x md-x lg-x y md-y lg-y\" id=\"image_48991793\">\n\t\t\t\t\t\t\t\t<div class=\"img-inner dark\" >\n\t\t\t<img loading=\"lazy\" decoding=\"async\" width=\"256\" height=\"256\" src=\"https:\/\/hotelhcp.com\/wp-content\/uploads\/2023\/08\/checkin-digital-logo.png\" class=\"attachment-large size-large\" alt=\"icono checkin digital\" \/>\t\t\t\t\t\t\n\t\t\t\t\t<\/div>\n\t\t\t\t\t\t\t\t\n<style>\n#image_48991793 {\n  width: 20%;\n}\n<\/style>\n\t<\/div>\n\t\n\t<div id=\"text-2934749296\" class=\"text\">\n\t\t\n<h3><span style=\"font-size: 120%;\">Num\u00e9risation<\/span><\/h3>\n<p style=\"text-align: justify;\">Les codes d&rsquo;entr\u00e9e ou l&rsquo;enregistrement en ligne nous permet de r\u00e9duire le papier, d&rsquo;\u00e9conomiser de l&rsquo;\u00e9nergie et d&rsquo;am\u00e9liorer notre gestion quotidienne afin de fournir un meilleur service.<\/span><\/p>\n\t\t\n<style>\n#text-2934749296 {\n  font-size: 1.2rem;\n}\n<\/style>\n\t<\/div>\n\t\n\t\t<\/div>\n\t\t\t\t\n<style>\n#col-434752285 > .col-inner {\n  padding: 0px 20px 0px 20px;\n}\n<\/style>\n\t<\/div>\n\n\t\n<\/div>\n\t\t<\/div>\n\t\t\t\t\t<\/div>\n\n\t\n\n\t<div id=\"col-1218782297\" class=\"col hover-sostenibilitat medium-4 small-12 large-4\"  data-animate=\"flipInX\">\n\t\t\t\t<div class=\"col-inner text-left box-shadow-3 box-shadow-4-hover\" style=\"background-color:rgb(255, 255, 255);\" >\n\t\t\t\n\t\t\t\n<div class=\"row\"  id=\"row-1815841344\">\n\n\t<div id=\"col-1591376829\" class=\"col small-12 large-12\"  >\n\t\t\t\t<div class=\"col-inner\"  >\n\t\t\t\n\t\t\t\n\t<div class=\"img has-hover x md-x lg-x y md-y lg-y\" id=\"image_23563371\">\n\t\t\t\t\t\t\t\t<div class=\"img-inner dark\" >\n\t\t\t<img loading=\"lazy\" decoding=\"async\" width=\"256\" height=\"256\" src=\"https:\/\/hotelhcp.com\/wp-content\/uploads\/2023\/08\/fotovolatica-logo.png\" class=\"attachment-large size-large\" alt=\"icono placas solares\" \/>\t\t\t\t\t\t\n\t\t\t\t\t<\/div>\n\t\t\t\t\t\t\t\t\n<style>\n#image_23563371 {\n  width: 20%;\n}\n<\/style>\n\t<\/div>\n\t\n\t<div id=\"text-2205523166\" class=\"text\">\n\t\t\n<h3><span style=\"font-size: 120%;\">Production d&rsquo;\u00c9nergie<\/span><\/h3>\n<p style=\"text-align: justify;\">Nous disposons de panneaux photovolta\u00efques qui g\u00e9n\u00e8rent plus de 50% de l&rsquo;\u00e9lectricit\u00e9 que nous utilisons dans l&rsquo;h\u00f4tel.<\/p>\n\t\t\n<style>\n#text-2205523166 {\n  font-size: 1.2rem;\n}\n<\/style>\n\t<\/div>\n\t\n\t\t<\/div>\n\t\t\t\t\n<style>\n#col-1591376829 > .col-inner {\n  padding: 0px 20px 90px 20px;\n}\n<\/style>\n\t<\/div>\n\n\t\n<\/div>\n\t\t<\/div>\n\t\t\t\t\t<\/div>\n\n\t\n\n\t<div id=\"col-794703128\" class=\"col hover-sostenibilitat medium-4 small-12 large-4\"  data-animate=\"flipInX\">\n\t\t\t\t<div class=\"col-inner text-left box-shadow-3 box-shadow-4-hover\" style=\"background-color:rgb(255, 255, 255);\" >\n\t\t\t\n\t\t\t\n<div class=\"row\"  id=\"row-298736602\">\n\n\t<div id=\"col-533388260\" class=\"col small-12 large-12\"  >\n\t\t\t\t<div class=\"col-inner\"  >\n\t\t\t\n\t\t\t\n\t<div class=\"img has-hover x md-x lg-x y md-y lg-y\" id=\"image_855167025\">\n\t\t\t\t\t\t\t\t<div class=\"img-inner dark\" >\n\t\t\t<img loading=\"lazy\" decoding=\"async\" width=\"256\" height=\"256\" src=\"https:\/\/hotelhcp.com\/wp-content\/uploads\/2023\/08\/estalvi-aigua-logo.png\" class=\"attachment-large size-large\" alt=\"icono ahorro agua\" \/>\t\t\t\t\t\t\n\t\t\t\t\t<\/div>\n\t\t\t\t\t\t\t\t\n<style>\n#image_855167025 {\n  width: 20%;\n}\n<\/style>\n\t<\/div>\n\t\n\t<div id=\"text-1819260454\" class=\"text\">\n\t\t\n<h3><span style=\"font-size: 120%;\">Economisation d&rsquo;\u00c9nergie<\/span><\/h3>\n<p style=\"text-align: justify;\">Nous avons pris des mesures d&rsquo;\u00e9conomie d&rsquo;\u00e9nergie et d&rsquo;eau avec des robinets d\u2019ouverture \u00e0 eau froide et des distributeurs.<\/p>\n\t\t\n<style>\n#text-1819260454 {\n  font-size: 1.2rem;\n}\n<\/style>\n\t<\/div>\n\t\n\t\t<\/div>\n\t\t\t\t\n<style>\n#col-533388260 > .col-inner {\n  padding: 0px 20px 43px 20px;\n}\n<\/style>\n\t<\/div>\n\n\t\n<\/div>\n\t\t<\/div>\n\t\t\t\t\t<\/div>\n\n\t\n\n\t<div id=\"col-1785552241\" class=\"col hover-sostenibilitat medium-4 small-12 large-4\"  data-animate=\"flipInX\">\n\t\t\t\t<div class=\"col-inner text-left box-shadow-3 box-shadow-4-hover\" style=\"background-color:rgb(255, 255, 255);\" >\n\t\t\t\n\t\t\t\n<div class=\"row\"  id=\"row-1009947716\">\n\n\t<div id=\"col-1398851864\" class=\"col small-12 large-12\"  >\n\t\t\t\t<div class=\"col-inner\"  >\n\t\t\t\n\t\t\t\n\t<div class=\"img has-hover x md-x lg-x y md-y lg-y\" id=\"image_2051516270\">\n\t\t\t\t\t\t\t\t<div class=\"img-inner dark\" >\n\t\t\t<img loading=\"lazy\" decoding=\"async\" width=\"256\" height=\"256\" src=\"https:\/\/hotelhcp.com\/wp-content\/uploads\/2023\/08\/ioga-logo.png\" class=\"attachment-large size-large\" alt=\"icono yoga\" \/>\t\t\t\t\t\t\n\t\t\t\t\t<\/div>\n\t\t\t\t\t\t\t\t\n<style>\n#image_2051516270 {\n  width: 20%;\n}\n<\/style>\n\t<\/div>\n\t\n\t<div id=\"text-1927409192\" class=\"text\">\n\t\t\n<h3><span style=\"font-size: 120%;\">Professionnels de Palafrugell<\/span><\/h3>\n<p style=\"text-align: justify;\">avec lequel nous collaborons pour offrir des services comme les activit\u00e9s de yoga et de zumba que nous organisons en \u00e9t\u00e9.<\/p>\n\t\t\n<style>\n#text-1927409192 {\n  font-size: 1.2rem;\n}\n<\/style>\n\t<\/div>\n\t\n\t\t<\/div>\n\t\t\t\t\n<style>\n#col-1398851864 > .col-inner {\n  padding: 0px 20px 0px 20px;\n}\n<\/style>\n\t<\/div>\n\n\t\n<\/div>\n\t\t<\/div>\n\t\t\t\t\t<\/div>\n\n\t\n\n\t<div id=\"col-758513166\" class=\"col hover-sostenibilitat medium-4 small-12 large-4\"  data-animate=\"flipInX\">\n\t\t\t\t<div class=\"col-inner text-left box-shadow-3 box-shadow-4-hover\" style=\"background-color:rgb(255, 255, 255);\" >\n\t\t\t\n\t\t\t\n<div class=\"row\"  id=\"row-715600001\">\n\n\t<div id=\"col-556898939\" class=\"col small-12 large-12\"  >\n\t\t\t\t<div class=\"col-inner\"  >\n\t\t\t\n\t\t\t\n\t<div class=\"img has-hover x md-x lg-x y md-y lg-y\" id=\"image_2023857414\">\n\t\t\t\t\t\t\t\t<div class=\"img-inner dark\" >\n\t\t\t<img loading=\"lazy\" decoding=\"async\" width=\"256\" height=\"256\" src=\"https:\/\/hotelhcp.com\/wp-content\/uploads\/2023\/08\/comers-just-logo.png\" class=\"attachment-large size-large\" alt=\"icono comercio justo\" \/>\t\t\t\t\t\t\n\t\t\t\t\t<\/div>\n\t\t\t\t\t\t\t\t\n<style>\n#image_2023857414 {\n  width: 20%;\n}\n<\/style>\n\t<\/div>\n\t\n\t<div id=\"text-3840182893\" class=\"text\">\n\t\t\n<h3><span style=\"font-size: 120%;\">Fournisseurs locaux ou du commerce \u00e9quitable et durable<\/span><\/h3>\n<p>pour nos produits du petit-d\u00e9jeuner<\/p>\n\t\t\n<style>\n#text-3840182893 {\n  font-size: 1.2rem;\n}\n<\/style>\n\t<\/div>\n\t\n\t\t<\/div>\n\t\t\t\t\n<style>\n#col-556898939 > .col-inner {\n  padding: 0px 20px 15px 20px;\n}\n<\/style>\n\t<\/div>\n\n\t\n<\/div>\n\t\t<\/div>\n\t\t\t\t\t<\/div>\n\n\t\n\n\t<div id=\"col-1607118480\" class=\"col hover-sostenibilitat medium-4 small-12 large-4\"  data-animate=\"flipInX\">\n\t\t\t\t<div class=\"col-inner text-left box-shadow-3 box-shadow-4-hover\" style=\"background-color:rgb(255, 255, 255);\" >\n\t\t\t\n\t\t\t\n<div class=\"row\"  id=\"row-1417234842\">\n\n\t<div id=\"col-1433652053\" class=\"col small-12 large-12\"  >\n\t\t\t\t<div class=\"col-inner\"  >\n\t\t\t\n\t\t\t\n\t<div class=\"img has-hover x md-x lg-x y md-y lg-y\" id=\"image_53108160\">\n\t\t\t\t\t\t\t\t<div class=\"img-inner dark\" >\n\t\t\t<img loading=\"lazy\" decoding=\"async\" width=\"256\" height=\"256\" src=\"https:\/\/hotelhcp.com\/wp-content\/uploads\/2023\/08\/igualtat-genere.png\" class=\"attachment-large size-large\" alt=\"icono igualdad g\u00e9nero\" \/>\t\t\t\t\t\t\n\t\t\t\t\t<\/div>\n\t\t\t\t\t\t\t\t\n<style>\n#image_53108160 {\n  width: 20%;\n}\n<\/style>\n\t<\/div>\n\t\n\t<div id=\"text-2837291143\" class=\"text\">\n\t\t\n<h3><span style=\"font-size: 120%;\">\u00c9galit\u00e9<\/span><\/h3>\n<p style=\"text-align: justify;\">a travers notre personnel nous encourageons l&rsquo;\u00e9galit\u00e9 et \u00e9vitons toute discrimination sexuelle ou raciale.<\/p>\n\t\t\n<style>\n#text-2837291143 {\n  font-size: 1.2rem;\n}\n<\/style>\n\t<\/div>\n\t\n\t\t<\/div>\n\t\t\t\t\n<style>\n#col-1433652053 > .col-inner {\n  padding: 0px 20px 45px 20px;\n}\n<\/style>\n\t<\/div>\n\n\t\n<\/div>\n\t\t<\/div>\n\t\t\t\t\t<\/div>\n\n\t\n\n\t<div id=\"col-717918377\" class=\"col hover-sostenibilitat medium-4 small-12 large-4\"  data-animate=\"flipInX\">\n\t\t\t\t<div class=\"col-inner text-left box-shadow-3 box-shadow-4-hover\" style=\"background-color:rgb(255, 255, 255);\" >\n\t\t\t\n\t\t\t\n<div class=\"row\"  id=\"row-619794647\">\n\n\t<div id=\"col-1739981750\" class=\"col small-12 large-12\"  >\n\t\t\t\t<div class=\"col-inner\"  >\n\t\t\t\n\t\t\t\n\t<div class=\"img has-hover x md-x lg-x y md-y lg-y\" id=\"image_1679526063\">\n\t\t\t\t\t\t\t\t<div class=\"img-inner dark\" >\n\t\t\t<img loading=\"lazy\" decoding=\"async\" width=\"256\" height=\"256\" src=\"https:\/\/hotelhcp.com\/wp-content\/uploads\/2023\/08\/qualitat-logo2.png\" class=\"attachment-large size-large\" alt=\"icono calidad verificada\" \/>\t\t\t\t\t\t\n\t\t\t\t\t<\/div>\n\t\t\t\t\t\t\t\t\n<style>\n#image_1679526063 {\n  width: 20%;\n}\n<\/style>\n\t<\/div>\n\t\n\t<div id=\"text-1772986389\" class=\"text\">\n\t\t\n<h3><span style=\"font-size: 120%;\">La Qualit\u00e9 et l&rsquo;attention personnalis\u00e9e<\/span><\/h3>\n<p><span style=\"font-size: 120%;\"> sont au c\u0153ur de nos priorit\u00e9s<\/span><\/p>\n\t\t\n<style>\n#text-1772986389 {\n  font-size: 1.2rem;\n}\n<\/style>\n\t<\/div>\n\t\n\t\t<\/div>\n\t\t\t\t\n<style>\n#col-1739981750 > .col-inner {\n  padding: 0px 20px 23px 20px;\n}\n<\/style>\n\t<\/div>\n\n\t\n<\/div>\n\t\t<\/div>\n\t\t\t\t\t<\/div>\n\n\t\n\n\t<div id=\"col-717952477\" class=\"col hover-sostenibilitat medium-4 small-12 large-4\"  data-animate=\"flipInX\">\n\t\t\t\t<div class=\"col-inner text-left box-shadow-3 box-shadow-4-hover\" style=\"background-color:rgb(255, 255, 255);\" >\n\t\t\t\n\t\t\t\n<div class=\"row\"  id=\"row-39072529\">\n\n\t<div id=\"col-807195437\" class=\"col small-12 large-12\"  >\n\t\t\t\t<div class=\"col-inner\"  >\n\t\t\t\n\t\t\t\n\t<div class=\"img has-hover x md-x lg-x y md-y lg-y\" id=\"image_651841346\">\n\t\t\t\t\t\t\t\t<div class=\"img-inner dark\" >\n\t\t\t<img loading=\"lazy\" decoding=\"async\" width=\"129\" height=\"80\" src=\"https:\/\/hotelhcp.com\/wp-content\/uploads\/2023\/07\/eco-icona129x80.png\" class=\"attachment-large size-large\" alt=\"icono eco\" \/>\t\t\t\t\t\t\n\t\t\t\t\t<\/div>\n\t\t\t\t\t\t\t\t\n<style>\n#image_651841346 {\n  width: 20%;\n}\n<\/style>\n\t<\/div>\n\t\n\t<div id=\"text-3278128666\" class=\"text\">\n\t\t\n<h3><span style=\"font-size: 120%;\">Produits <\/span><span style=\"font-size: 120%;\">de m\u00e9nage <\/span><span style=\"font-size: 120%;\">\u00e9cologiques<\/span><\/h3>\n<p style=\"text-align: justify;\">Nous utilisons des produits \u00e9cologiques pour le m\u00e9nage g\u00e9n\u00e9ral de l&rsquo;h\u00f4tel et les savons dans les chambres.<\/p>\n\t\t\n<style>\n#text-3278128666 {\n  font-size: 1.2rem;\n}\n<\/style>\n\t<\/div>\n\t\n\t\t<\/div>\n\t\t\t\t\n<style>\n#col-807195437 > .col-inner {\n  padding: 0px 20px 40px 20px;\n}\n<\/style>\n\t<\/div>\n\n\t\n<\/div>\n\t\t<\/div>\n\t\t\t\t\t<\/div>\n\n\t\n\n\t<div id=\"col-86873655\" class=\"col hover-sostenibilitat medium-4 small-12 large-4\"  data-animate=\"flipInX\">\n\t\t\t\t<div class=\"col-inner text-left box-shadow-3 box-shadow-4-hover\" style=\"background-color:rgb(255, 255, 255);\" >\n\t\t\t\n\t\t\t\n<div class=\"row\"  id=\"row-335793281\">\n\n\t<div id=\"col-402950303\" class=\"col small-12 large-12\"  >\n\t\t\t\t<div class=\"col-inner\"  >\n\t\t\t\n\t\t\t\n\t<div class=\"img has-hover x md-x lg-x y md-y lg-y\" id=\"image_682158366\">\n\t\t\t\t\t\t\t\t<div class=\"img-inner dark\" >\n\t\t\t<img loading=\"lazy\" decoding=\"async\" width=\"256\" height=\"256\" src=\"https:\/\/hotelhcp.com\/wp-content\/uploads\/2023\/08\/reduccio-plastics-logo.png\" class=\"attachment-large size-large\" alt=\"icono reciclaje pl\u00e1sticos\" \/>\t\t\t\t\t\t\n\t\t\t\t\t<\/div>\n\t\t\t\t\t\t\t\t\n<style>\n#image_682158366 {\n  width: 20%;\n}\n<\/style>\n\t<\/div>\n\t\n\t<div id=\"text-2229424792\" class=\"text\">\n\t\t\n<h3><span style=\"font-size: 120%;\">Reduction de Plastique<\/span><\/h3>\n<p style=\"text-align: justify;\">Nous utilisons des bouteilles en verre et nous r\u00e9duisons les emballages. C\u2019est pourquoi vous trouverez dans notre h\u00f4tel des distributeurs de savon \u00e9cologiques.<\/p>\n\t\t\n<style>\n#text-2229424792 {\n  font-size: 1.2rem;\n}\n<\/style>\n\t<\/div>\n\t\n\t\t<\/div>\n\t\t\t\t\n<style>\n#col-402950303 > .col-inner {\n  padding: 0px 20px 2px 20px;\n}\n<\/style>\n\t<\/div>\n\n\t\n<\/div>\n\t\t<\/div>\n\t\t\t\t\t<\/div>\n\n\t\n\n\t<div id=\"col-898163025\" class=\"col hover-sostenibilitat medium-4 small-12 large-4\"  data-animate=\"flipInX\">\n\t\t\t\t<div class=\"col-inner text-left box-shadow-3 box-shadow-4-hover\" style=\"background-color:rgb(255, 255, 255);\" >\n\t\t\t\n\t\t\t\n<div class=\"row\"  id=\"row-685800614\">\n\n\t<div id=\"col-963061287\" class=\"col small-12 large-12\"  >\n\t\t\t\t<div class=\"col-inner\"  >\n\t\t\t\n\t\t\t\n\t<div class=\"img has-hover x md-x lg-x y md-y lg-y\" id=\"image_43133638\">\n\t\t\t\t\t\t\t\t<div class=\"img-inner dark\" >\n\t\t\t<img loading=\"lazy\" decoding=\"async\" width=\"129\" height=\"80\" src=\"https:\/\/hotelhcp.com\/wp-content\/uploads\/2023\/07\/bici-icona129x80.png\" class=\"attachment-large size-large\" alt=\"icono bici\" \/>\t\t\t\t\t\t\n\t\t\t\t\t<\/div>\n\t\t\t\t\t\t\t\t\n<style>\n#image_43133638 {\n  width: 30%;\n}\n<\/style>\n\t<\/div>\n\t\n\t<div id=\"text-3344456738\" class=\"text\">\n\t\t\n<h3><span style=\"font-size: 120%;\">V\u00e9los<\/span><\/h3>\n<p style=\"text-align: justify;\">Nous disposons d&rsquo;un espace pour garer les v\u00e9los afin d&rsquo;encourager le tourisme actif et promouvoir une mobilit\u00e9 plus durable.<\/p>\n\t\t\n<style>\n#text-3344456738 {\n  font-size: 1.2rem;\n}\n<\/style>\n\t<\/div>\n\t\n\t\t<\/div>\n\t\t\t\t\n<style>\n#col-963061287 > .col-inner {\n  padding: 0px 20px 0px 20px;\n}\n<\/style>\n\t<\/div>\n\n\t\n<\/div>\n\t\t<\/div>\n\t\t\t\t\t<\/div>\n\n\t\n\n<style>\n#row-1305220693 > .col > .col-inner {\n  padding: 50px 5px 0px 5px;\n}\n<\/style>\n<\/div>\n\t\t<\/div>\n\n\t\t\n<style>\n#section_972838804 {\n  padding-top: 100px;\n  padding-bottom: 100px;\n  background-color: rgba(169, 210, 194, 0.256);\n}\n<\/style>\n\t<\/section>\n\t\n\n  <div class=\"banner has-hover imatge-fixa-form-contacte\" id=\"banner-1807858517\">\n          <div class=\"banner-inner fill\">\n        <div class=\"banner-bg fill\" >\n                                    <div class=\"overlay\"><\/div>            \n                    <\/div>\n\t\t\n        <div class=\"banner-layers container\">\n            <div class=\"fill banner-link\"><\/div>            \n   <div id=\"text-box-537832018\" class=\"text-box banner-layer x50 md-x50 lg-x50 y50 md-y50 lg-y50 res-text\">\n                                <div class=\"text-box-content text dark\">\n              \n\t<div class=\"is-border\"\n\t\tstyle=\"border-width:2px 2px 2px 2px;\">\n\t<\/div>\n              <div class=\"text-inner text-center\">\n                  \n<h3><span style=\"font-size: 150%;\">Contactez avec nous<\/span><\/h3>\n<p>\u00a0<\/p>\n\n<div class=\"wpcf7 no-js\" id=\"wpcf7-f39398-o1\" lang=\"es-ES\" dir=\"ltr\" data-wpcf7-id=\"39398\">\n<div class=\"screen-reader-response\"><p role=\"status\" aria-live=\"polite\" aria-atomic=\"true\"><\/p> <ul><\/ul><\/div>\n<form action=\"\/fr\/wp-json\/wp\/v2\/pages\/51310#wpcf7-f39398-o1\" method=\"post\" class=\"wpcf7-form init\" aria-label=\"Formulario de contacto\" novalidate=\"novalidate\" data-status=\"init\">\n<div style=\"display: none;\">\n<input type=\"hidden\" name=\"_wpcf7\" value=\"39398\" \/>\n<input type=\"hidden\" name=\"_wpcf7_version\" value=\"6.0.5\" \/>\n<input type=\"hidden\" name=\"_wpcf7_locale\" value=\"es_ES\" \/>\n<input type=\"hidden\" name=\"_wpcf7_unit_tag\" value=\"wpcf7-f39398-o1\" \/>\n<input type=\"hidden\" name=\"_wpcf7_container_post\" value=\"0\" \/>\n<input type=\"hidden\" name=\"_wpcf7_posted_data_hash\" value=\"\" \/>\n<input type=\"hidden\" name=\"_wpcf7_recaptcha_response\" value=\"\" \/>\n<\/div>\n<div class=\"embolcall-form-contacte\">\n\t<div class=\"una_fila\">\n\t\t<div class=\"col1\">\n\t\t\t<div class=\"sec1\">\n\t\t\t\t<p><label> Nom<br \/>\n<span class=\"wpcf7-form-control-wrap\" data-name=\"your-name\"><input size=\"40\" maxlength=\"400\" class=\"wpcf7-form-control wpcf7-text wpcf7-validates-as-required\" aria-required=\"true\" aria-invalid=\"false\" value=\"\" type=\"text\" name=\"your-name\" \/><\/span> <\/label>\n\t\t\t\t<\/p>\n\t\t\t<\/div>\n\t\t<\/div>\n\t\t<div class=\"col2\">\n\t\t\t<div class=\"sec2\">\n\t\t\t\t<p><label> e-mail<br \/>\n<span class=\"wpcf7-form-control-wrap\" data-name=\"your-email\"><input size=\"40\" maxlength=\"400\" class=\"wpcf7-form-control wpcf7-email wpcf7-validates-as-required wpcf7-text wpcf7-validates-as-email\" aria-required=\"true\" aria-invalid=\"false\" value=\"\" type=\"email\" name=\"your-email\" \/><\/span> <\/label>\n\t\t\t\t<\/p>\n\t\t\t<\/div>\n\t\t<\/div>\n\t<\/div>\n\t<p><label> Message<br \/>\n<span class=\"wpcf7-form-control-wrap\" data-name=\"your-message\"><textarea cols=\"40\" rows=\"10\" maxlength=\"2000\" class=\"wpcf7-form-control wpcf7-textarea\" aria-invalid=\"false\" name=\"your-message\"><\/textarea><\/span> <\/label>\n\t<\/p>\n\t<div class=\"wpcf-accept\">\n\t\t<p><span class=\"wpcf7-form-control-wrap\" data-name=\"privacidad\"><span class=\"wpcf7-form-control wpcf7-acceptance\"><span class=\"wpcf7-list-item\"><label><input type=\"checkbox\" name=\"privacidad\" value=\"1\" aria-invalid=\"false\" \/><span class=\"wpcf7-list-item-label\">* J'ai lu et Accepte la <a href=\"\/fr\/confidentialite\/\" target=\"_blank\" rel=\"nofollow noreferrer noopener\">Politique de Confidentialit\u00e9<\/a><\/span><\/label><\/span><\/span><\/span>\n\t\t<\/p>\n\t\t<p><span class=\"wpcf7-form-control-wrap\" data-name=\"consentiment_newsletter\"><span class=\"wpcf7-form-control wpcf7-acceptance optional\"><span class=\"wpcf7-list-item\"><label><input type=\"checkbox\" name=\"consentiment_newsletter\" value=\"1\" aria-invalid=\"false\" \/><span class=\"wpcf7-list-item-label\">Je souhaite recevoir occasionnellement des informations commerciales de HCP par mail<\/span><\/label><\/span><\/span><\/span>\n\t\t<\/p>\n\t\n\t\t<p>*obligatoire\n\t\t<\/p>\n\t\t<p><input class=\"wpcf7-form-control wpcf7-submit has-spinner\" type=\"submit\" value=\"Envoyer\" \/>\n\t\t<\/p>\n\t<\/div>\n<\/div><div class=\"wpcf7-response-output\" aria-hidden=\"true\"><\/div>\n<\/form>\n<\/div>\n\n              <\/div>\n           <\/div>\n                            \n<style>\n#text-box-537832018 .text-inner {\n  padding: 50px 10px 0px 10px;\n}\n#text-box-537832018 {\n  width: 100%;\n}\n#text-box-537832018 .text-box-content {\n  font-size: 100%;\n}\n@media (min-width:550px) {\n  #text-box-537832018 .text-inner {\n    padding: 50px 0px 0px 0px;\n  }\n}\n<\/style>\n    <\/div>\n \n        <\/div>\n      <\/div>\n\n            \n<style>\n#banner-1807858517 {\n  padding-top: 900px;\n}\n#banner-1807858517 .overlay {\n  background-color: rgba(169, 210, 194, 0.506);\n}\n<\/style>\n  <\/div>\n\n\n","protected":false},"excerpt":{"rendered":"","protected":false},"author":1,"featured_media":0,"parent":0,"menu_order":0,"comment_status":"closed","ping_status":"closed","template":"","meta":{"footnotes":""},"class_list":["post-51310","page","type-page","status-publish","hentry"],"_links":{"self":[{"href":"https:\/\/hotelhcp.com\/fr\/wp-json\/wp\/v2\/pages\/51310"}],"collection":[{"href":"https:\/\/hotelhcp.com\/fr\/wp-json\/wp\/v2\/pages"}],"about":[{"href":"https:\/\/hotelhcp.com\/fr\/wp-json\/wp\/v2\/types\/page"}],"author":[{"embeddable":true,"href":"https:\/\/hotelhcp.com\/fr\/wp-json\/wp\/v2\/users\/1"}],"replies":[{"embeddable":true,"href":"https:\/\/hotelhcp.com\/fr\/wp-json\/wp\/v2\/comments?post=51310"}],"version-history":[{"count":3,"href":"https:\/\/hotelhcp.com\/fr\/wp-json\/wp\/v2\/pages\/51310\/revisions"}],"predecessor-version":[{"id":51725,"href":"https:\/\/hotelhcp.com\/fr\/wp-json\/wp\/v2\/pages\/51310\/revisions\/51725"}],"wp:attachment":[{"href":"https:\/\/hotelhcp.com\/fr\/wp-json\/wp\/v2\/media?parent=51310"}],"curies":[{"name":"wp","href":"https:\/\/api.w.org\/{rel}","templated":true}]}}