{"id":51298,"date":"2023-07-10T17:40:04","date_gmt":"2023-07-10T17:40:04","guid":{"rendered":"https:\/\/hotelhcp.com\/contacte\/"},"modified":"2025-02-17T17:21:53","modified_gmt":"2025-02-17T17:21:53","slug":"contact","status":"publish","type":"page","link":"https:\/\/hotelhcp.com\/fr\/contact\/","title":{"rendered":"Contactez-nous"},"content":{"rendered":"\n\t<section class=\"section\" id=\"section_1275745459\">\n\t\t<div class=\"section-bg fill\" >\n\t\t\t\t\t\t\t\t\t\n\t\t\t\n\n\t\t<\/div>\n\n\t\t\n\n\t\t<div class=\"section-content relative\">\n\t\t\t\n<div class=\"row\"  id=\"row-1587913779\">\n\n\t<div id=\"col-1072693340\" class=\"col small-12 large-12\"  >\n\t\t\t\t<div class=\"col-inner text-center box-shadow-3\" style=\"background-color:rgb(255,255,255);\" >\n\t\t\t\n\t\t\t\n\t<div class=\"img has-hover x md-x lg-x y md-y lg-y\" id=\"image_2080137306\">\n\t\t\t\t\t\t\t\t<div class=\"img-inner dark\" >\n\t\t\t<img loading=\"lazy\" decoding=\"async\" width=\"214\" height=\"50\" src=\"https:\/\/hotelhcp.com\/wp-content\/uploads\/2023\/08\/3star-grey-214x50-1.png\" class=\"attachment-large size-large\" alt=\"logo 3 estrellas gris\" \/>\t\t\t\t\t\t\n\t\t\t\t\t<\/div>\n\t\t\t\t\t\t\t\t\n<style>\n#image_2080137306 {\n  width: 21%;\n}\n@media (min-width:550px) {\n  #image_2080137306 {\n    width: 8%;\n  }\n}\n<\/style>\n\t<\/div>\n\t\n\t<div id=\"text-1643833703\" class=\"text\">\n\t\t\n<h3><span style=\"font-size: 120%;\">Contactez nous<\/span><\/h3>\n<p>\u00c0 l\u2019H\u00f4tel Calella, nous sommes l\u00e0 pour r\u00e9soudre vos questions et vous permettre de passer des vacances parfaites.<br \/>Veuillez remplir notre formulaire de contact et nous vous r\u00e9pondrons d\u00e8s que possible.<\/p>\n<p>Vous pouvez aussi nous appeler au..<\/p>\n<p><strong>+34 972 614 861\u00a0 \u00a0\/\u00a0 \u00a0+34 972 28 00 94\u00a0 \u00a0\/\u00a0 \u00a0+34 683 17 80 68<\/strong><\/p>\n\t\t\n<style>\n#text-1643833703 {\n  font-size: 1.3rem;\n  text-align: center;\n}\n<\/style>\n\t<\/div>\n\t\n\t\t<\/div>\n\t\t\t\t\n<style>\n#col-1072693340 > .col-inner {\n  padding: 50px 20px 20px 20px;\n}\n@media (min-width:550px) {\n  #col-1072693340 > .col-inner {\n    padding: 50px 0px 20px 0px;\n  }\n}\n<\/style>\n\t<\/div>\n\n\t\n<\/div>\n\t\t<\/div>\n\n\t\t\n<style>\n#section_1275745459 {\n  padding-top: 30px;\n  padding-bottom: 30px;\n  background-color: rgb(245, 245, 245);\n}\n<\/style>\n\t<\/section>\n\t\n\n  <div class=\"banner has-hover imatge-fixa-form-contacte\" id=\"banner-372843312\">\n          <div class=\"banner-inner fill\">\n        <div class=\"banner-bg fill\" >\n                                    <div class=\"overlay\"><\/div>            \n                    <\/div>\n\t\t\n        <div class=\"banner-layers container\">\n            <div class=\"fill banner-link\"><\/div>            \n   <div id=\"text-box-40153531\" class=\"text-box banner-layer x50 md-x50 lg-x50 y50 md-y50 lg-y50 res-text\">\n                                <div class=\"text-box-content text dark\">\n              \n\t<div class=\"is-border\"\n\t\tstyle=\"border-width:2px 2px 2px 2px;\">\n\t<\/div>\n              <div class=\"text-inner text-center\">\n                  \n<h3><span style=\"font-size: 150%;\">Contactez avec nous<\/span><\/h3>\n\n<div class=\"wpcf7 no-js\" id=\"wpcf7-f39398-o1\" lang=\"es-ES\" dir=\"ltr\" data-wpcf7-id=\"39398\">\n<div class=\"screen-reader-response\"><p role=\"status\" aria-live=\"polite\" aria-atomic=\"true\"><\/p> <ul><\/ul><\/div>\n<form action=\"\/fr\/wp-json\/wp\/v2\/pages\/51298#wpcf7-f39398-o1\" method=\"post\" class=\"wpcf7-form init\" aria-label=\"Formulario de contacto\" novalidate=\"novalidate\" data-status=\"init\">\n<div style=\"display: none;\">\n<input type=\"hidden\" name=\"_wpcf7\" value=\"39398\" \/>\n<input type=\"hidden\" name=\"_wpcf7_version\" value=\"6.0.5\" \/>\n<input type=\"hidden\" name=\"_wpcf7_locale\" value=\"es_ES\" \/>\n<input type=\"hidden\" name=\"_wpcf7_unit_tag\" value=\"wpcf7-f39398-o1\" \/>\n<input type=\"hidden\" name=\"_wpcf7_container_post\" value=\"0\" \/>\n<input type=\"hidden\" name=\"_wpcf7_posted_data_hash\" value=\"\" \/>\n<input type=\"hidden\" name=\"_wpcf7_recaptcha_response\" value=\"\" \/>\n<\/div>\n<div class=\"embolcall-form-contacte\">\n\t<div class=\"una_fila\">\n\t\t<div class=\"col1\">\n\t\t\t<div class=\"sec1\">\n\t\t\t\t<p><label> Nom<br \/>\n<span class=\"wpcf7-form-control-wrap\" data-name=\"your-name\"><input size=\"40\" maxlength=\"400\" class=\"wpcf7-form-control wpcf7-text wpcf7-validates-as-required\" aria-required=\"true\" aria-invalid=\"false\" value=\"\" type=\"text\" name=\"your-name\" \/><\/span> <\/label>\n\t\t\t\t<\/p>\n\t\t\t<\/div>\n\t\t<\/div>\n\t\t<div class=\"col2\">\n\t\t\t<div class=\"sec2\">\n\t\t\t\t<p><label> e-mail<br \/>\n<span class=\"wpcf7-form-control-wrap\" data-name=\"your-email\"><input size=\"40\" maxlength=\"400\" class=\"wpcf7-form-control wpcf7-email wpcf7-validates-as-required wpcf7-text wpcf7-validates-as-email\" aria-required=\"true\" aria-invalid=\"false\" value=\"\" type=\"email\" name=\"your-email\" \/><\/span> <\/label>\n\t\t\t\t<\/p>\n\t\t\t<\/div>\n\t\t<\/div>\n\t<\/div>\n\t<p><label> Message<br \/>\n<span class=\"wpcf7-form-control-wrap\" data-name=\"your-message\"><textarea cols=\"40\" rows=\"10\" maxlength=\"2000\" class=\"wpcf7-form-control wpcf7-textarea\" aria-invalid=\"false\" name=\"your-message\"><\/textarea><\/span> <\/label>\n\t<\/p>\n\t<div class=\"wpcf-accept\">\n\t\t<p><span class=\"wpcf7-form-control-wrap\" data-name=\"privacidad\"><span class=\"wpcf7-form-control wpcf7-acceptance\"><span class=\"wpcf7-list-item\"><label><input type=\"checkbox\" name=\"privacidad\" value=\"1\" aria-invalid=\"false\" \/><span class=\"wpcf7-list-item-label\">* J'ai lu et Accepte la <a href=\"\/fr\/confidentialite\/\" target=\"_blank\" rel=\"nofollow noreferrer noopener\">Politique de Confidentialit\u00e9<\/a><\/span><\/label><\/span><\/span><\/span>\n\t\t<\/p>\n\t\t<p><span class=\"wpcf7-form-control-wrap\" data-name=\"consentiment_newsletter\"><span class=\"wpcf7-form-control wpcf7-acceptance optional\"><span class=\"wpcf7-list-item\"><label><input type=\"checkbox\" name=\"consentiment_newsletter\" value=\"1\" aria-invalid=\"false\" \/><span class=\"wpcf7-list-item-label\">Je souhaite recevoir occasionnellement des informations commerciales de HCP par mail<\/span><\/label><\/span><\/span><\/span>\n\t\t<\/p>\n\t\n\t\t<p>*obligatoire\n\t\t<\/p>\n\t\t<p><input class=\"wpcf7-form-control wpcf7-submit has-spinner\" type=\"submit\" value=\"Envoyer\" \/>\n\t\t<\/p>\n\t<\/div>\n<\/div><div class=\"wpcf7-response-output\" aria-hidden=\"true\"><\/div>\n<\/form>\n<\/div>\n\n              <\/div>\n           <\/div>\n                            \n<style>\n#text-box-40153531 .text-inner {\n  padding: 50px 10px 0px 10px;\n}\n#text-box-40153531 {\n  width: 100%;\n}\n#text-box-40153531 .text-box-content {\n  font-size: 100%;\n}\n@media (min-width:550px) {\n  #text-box-40153531 .text-inner {\n    padding: 50px 0px 0px 0px;\n  }\n}\n<\/style>\n    <\/div>\n \n        <\/div>\n      <\/div>\n\n            \n<style>\n#banner-372843312 {\n  padding-top: 900px;\n}\n#banner-372843312 .overlay {\n  background-color: rgba(169, 210, 194, 0.506);\n}\n<\/style>\n  <\/div>\n\n\n\n\t<script type=\"text\/javascript\">\n  jQuery( document ).ready(function() {\n    function initialize() {\n        var styles = {\n            'flatsome':  [{\n            \"featureType\": \"administrative\",\n            \"stylers\": [\n              { \"visibility\": \"on\" }\n            ]\n          },\n          {\n            \"featureType\": \"road\",\n            \"stylers\": [\n              { \"visibility\": \"on\" },\n              { \"hue\": \"#4c91ad\" }\n            ]\n          },\n          {\n            \"stylers\": [\n\t\t\t  { \"visibility\": \"on\" },\n\t\t\t  { \"hue\": \"#4c91ad\" },\n\t\t\t  { \"saturation\": -30 }\n            ]\n          }\n        ]};\n\n        var myLatlng = new google.maps.LatLng(41.88762, 3.1779496);\n        var myOptions = {\n            zoom: 13,\n            center: myLatlng,\n            mapTypeId: google.maps.MapTypeId.ROADMAP,\n            disableDefaultUI: true,\n            mapTypeId: 'flatsome',\n            draggable: true,\n            zoomControl: true,\n            zoomControlOptions: {\n              position: google.maps.ControlPosition.TOP_LEFT\n            },\n      \t\t\tmapTypeControl: true,\n            mapTypeControlOptions: {\n              position: google.maps.ControlPosition.TOP_LEFT\n            },\n      \t\t\tstreetViewControl: true,\n            streetViewControlOptions: {\n              position: google.maps.ControlPosition.TOP_LEFT\n            },\n            scrollwheel: false,\n            disableDoubleClickZoom: true\n        }\n        var map = new google.maps.Map(document.getElementById(\"map-2083988997-inner\"), myOptions);\n        var styledMapType = new google.maps.StyledMapType(styles['flatsome'], {name: 'flatsome'});\n        map.mapTypes.set('flatsome', styledMapType);\n\n        var marker = new google.maps.Marker({\n            position: myLatlng,\n            map: map,\n            title:\"\"\n        });\n    }\n\n    \/\/ Required to proceed\n    if (!(typeof google === 'object' && typeof google.maps === 'object')) {\n      return\n    }\n\n    initialize()\n    google.maps.event.addDomListener(window, 'resize', initialize);\n    });\n    <\/script>\n\n    <div class=\"google-map relative mb\" id=\"map-2083988997\">\n        <div class=\"map-height\" id=\"map-2083988997-inner\"><\/div>\n        <div id=\"map_overlay_top\"><\/div>\n        <div id=\"map_overlay_bottom\"><\/div>\n         \n       \n<style>\n#map-2083988997 .map-inner {\n  background-color: rgb(142, 134, 123);\n  max-width: 100%;\n}\n#map-2083988997 .map-height {\n  height: 400px;\n}\n@media (min-width:550px) {\n  #map-2083988997 .map-inner {\n    max-width: 30%;\n  }\n}\n<\/style>\n    <\/div>\n\n\t\n","protected":false},"excerpt":{"rendered":"","protected":false},"author":1,"featured_media":0,"parent":0,"menu_order":0,"comment_status":"closed","ping_status":"closed","template":"","meta":{"footnotes":""},"class_list":["post-51298","page","type-page","status-publish","hentry"],"_links":{"self":[{"href":"https:\/\/hotelhcp.com\/fr\/wp-json\/wp\/v2\/pages\/51298"}],"collection":[{"href":"https:\/\/hotelhcp.com\/fr\/wp-json\/wp\/v2\/pages"}],"about":[{"href":"https:\/\/hotelhcp.com\/fr\/wp-json\/wp\/v2\/types\/page"}],"author":[{"embeddable":true,"href":"https:\/\/hotelhcp.com\/fr\/wp-json\/wp\/v2\/users\/1"}],"replies":[{"embeddable":true,"href":"https:\/\/hotelhcp.com\/fr\/wp-json\/wp\/v2\/comments?post=51298"}],"version-history":[{"count":5,"href":"https:\/\/hotelhcp.com\/fr\/wp-json\/wp\/v2\/pages\/51298\/revisions"}],"predecessor-version":[{"id":52107,"href":"https:\/\/hotelhcp.com\/fr\/wp-json\/wp\/v2\/pages\/51298\/revisions\/52107"}],"wp:attachment":[{"href":"https:\/\/hotelhcp.com\/fr\/wp-json\/wp\/v2\/media?parent=51298"}],"curies":[{"name":"wp","href":"https:\/\/api.w.org\/{rel}","templated":true}]}}