{"id":51276,"date":"2023-07-10T07:46:35","date_gmt":"2023-07-10T07:46:35","guid":{"rendered":"https:\/\/hotelhcp.com\/honesty-bar\/"},"modified":"2023-09-04T18:25:45","modified_gmt":"2023-09-04T18:25:45","slug":"honesty-bar","status":"publish","type":"page","link":"https:\/\/hotelhcp.com\/fr\/honesty-bar\/","title":{"rendered":"Honesty Bar, tradition et gastronomie"},"content":{"rendered":"\n\t<section class=\"section imatge-fixa-honesty\" id=\"section_1896263197\">\n\t\t<div class=\"section-bg fill\" >\n\t\t\t\t\t\t\t\t\t\n\t\t\t\n\n\t\t<\/div>\n\n\t\t\n\n\t\t<div class=\"section-content relative\">\n\t\t\t\n\t\t<\/div>\n\n\t\t\n<style>\n#section_1896263197 {\n  padding-top: 30px;\n  padding-bottom: 30px;\n}\n<\/style>\n\t<\/section>\n\t\n\n\t<section class=\"section\" id=\"section_671134315\">\n\t\t<div class=\"section-bg fill\" >\n\t\t\t\t\t\t\t\t\t\n\t\t\t\n\n\t\t<\/div>\n\n\t\t\n\n\t\t<div class=\"section-content relative\">\n\t\t\t\n<div class=\"row row-full-width\"  id=\"row-73306194\">\n\n\t<div id=\"col-1972198402\" class=\"col small-12 large-12\"  >\n\t\t\t\t<div class=\"col-inner text-center\"  >\n\t\t\t\n\t\t\t\n\n\t\t<div class=\"icon-box featured-box icon-box-top text-left\"  >\n\t\t\t\t\t<div class=\"icon-box-img\" style=\"width: 120px\">\n\t\t\t\t<div class=\"icon\">\n\t\t\t\t\t<div class=\"icon-inner\" >\n\t\t\t\t\t\t<img loading=\"lazy\" decoding=\"async\" width=\"214\" height=\"50\" src=\"https:\/\/hotelhcp.com\/wp-content\/uploads\/2023\/08\/3star-white-214x50-1.png\" class=\"attachment-medium size-medium\" alt=\"logo 3 estrellas blanco\" \/>\t\t\t\t\t<\/div>\n\t\t\t\t<\/div>\n\t\t\t<\/div>\n\t\t\t\t<div class=\"icon-box-text last-reset\">\n\t\t\t\t\t\t\t\t\t\n\t<div id=\"text-4230869002\" class=\"text\">\n\t\t\n<h2><span style=\"font-size: 120%;\">Le go\u00fbt de l\u2019authentique<\/span><\/h2>\n\t\t\n<style>\n#text-4230869002 {\n  text-align: center;\n  color: rgb(255,255,255);\n}\n#text-4230869002 > * {\n  color: rgb(255,255,255);\n}\n<\/style>\n\t<\/div>\n\t\n\t\t<\/div>\n\t<\/div>\n\t\n\t\n\t\t<\/div>\n\t\t\t\t\t<\/div>\n\n\t\n\n<style>\n#row-73306194 > .col > .col-inner {\n  padding: 20px 0px 0px 0px;\n}\n<\/style>\n<\/div>\n<div class=\"row\" style=\"max-width:800px\" id=\"row-1780887504\">\n\n\t<div id=\"col-591280448\" class=\"col medium-4 small-12 large-4\"  >\n\t\t\t\t<div class=\"col-inner\"  >\n\t\t\t\n\t\t\t\n\t<div class=\"box has-hover   has-hover box-text-bottom\" >\n\n\t\t<div class=\"box-image\" style=\"width:30%;\">\n\t\t\t\t\t\t<div class=\"\" >\n\t\t\t\t<img loading=\"lazy\" decoding=\"async\" width=\"256\" height=\"256\" src=\"https:\/\/hotelhcp.com\/wp-content\/uploads\/2023\/08\/comers-just-logo.png\" class=\"attachment- size-\" alt=\"icono comercio justo\" \/>\t\t\t\t\t\t\t\t\t\t\t<\/div>\n\t\t\t\t\t<\/div>\n\n\t\t<div class=\"box-text text-center\" >\n\t\t\t<div class=\"box-text-inner\">\n\t\t\t\t\n<h4>PPRODUITS<br \/>\nDE PROXIMIT\u00c9<\/h4>\n\t\t\t<\/div>\n\t\t<\/div>\n\t<\/div>\n\t\n\t\t<\/div>\n\t\t\t\t\t<\/div>\n\n\t\n\n\t<div id=\"col-1904480793\" class=\"col medium-4 small-12 large-4\"  >\n\t\t\t\t<div class=\"col-inner\"  >\n\t\t\t\n\t\t\t\n\t<div class=\"box has-hover   has-hover box-text-bottom\" >\n\n\t\t<div class=\"box-image\" style=\"width:30%;\">\n\t\t\t\t\t\t<div class=\"\" >\n\t\t\t\t<img loading=\"lazy\" decoding=\"async\" width=\"256\" height=\"256\" src=\"https:\/\/hotelhcp.com\/wp-content\/uploads\/2023\/07\/cerveses-locals.png\" class=\"attachment- size-\" alt=\"icono cervezas locales\" \/>\t\t\t\t\t\t\t\t\t\t\t<\/div>\n\t\t\t\t\t<\/div>\n\n\t\t<div class=\"box-text text-center\" >\n\t\t\t<div class=\"box-text-inner\">\n\t\t\t\t\n<h4>PRODUITS<br \/>\nBIO<\/h4>\n\t\t\t<\/div>\n\t\t<\/div>\n\t<\/div>\n\t\n\t\t<\/div>\n\t\t\t\t\t<\/div>\n\n\t\n\n\t<div id=\"col-1927353790\" class=\"col medium-4 small-12 large-4\"  >\n\t\t\t\t<div class=\"col-inner\"  >\n\t\t\t\n\t\t\t\n\t<div class=\"box has-hover   has-hover box-text-bottom\" >\n\n\t\t<div class=\"box-image\" style=\"width:30%;\">\n\t\t\t\t\t\t<div class=\"\" >\n\t\t\t\t<img loading=\"lazy\" decoding=\"async\" width=\"100\" height=\"100\" src=\"https:\/\/hotelhcp.com\/wp-content\/uploads\/2023\/07\/sardines100px.png\" class=\"attachment- size-\" alt=\"icono lata sardinas\" \/>\t\t\t\t\t\t\t\t\t\t\t<\/div>\n\t\t\t\t\t<\/div>\n\n\t\t<div class=\"box-text text-center\" >\n\t\t\t<div class=\"box-text-inner\">\n\t\t\t\t\n<h4>TAPAS<\/p>\n<p>FAITES MAISON<\/h4>\n\t\t\t<\/div>\n\t\t<\/div>\n\t<\/div>\n\t\n\t\t<\/div>\n\t\t\t\t\t<\/div>\n\n\t\n<\/div>\n\t\t<\/div>\n\n\t\t\n<style>\n#section_671134315 {\n  padding-top: 30px;\n  padding-bottom: 30px;\n  background-color: rgb(142, 134, 123);\n}\n<\/style>\n\t<\/section>\n\t\n\n  <div class=\"banner has-hover\" id=\"banner-974251768\">\n          <div class=\"banner-inner fill\">\n        <div class=\"banner-bg fill\" >\n                                                \n\t<div class=\"is-border\"\n\t\tstyle=\"border-width:0px 0px 0px 0px;\">\n\t<\/div>\n                    <\/div>\n\t\t\n        <div class=\"banner-layers container\">\n            <div class=\"fill banner-link\"><\/div>            \n   <div id=\"text-box-555795306\" class=\"text-box banner-layer x50 md-x50 lg-x50 y50 md-y50 lg-y50 res-text\">\n                                <div class=\"text-box-content text \">\n              \n              <div class=\"text-inner text-center\">\n                  \n<div class=\"row\"  id=\"row-1426434775\">\n\n\t<div id=\"col-327113480\" class=\"col medium-7 small-12 large-7\"  >\n\t\t\t\t<div class=\"col-inner\"  >\n\t\t\t\n\t\t\t\n\t<div id=\"text-1728869637\" class=\"text\">\n\t\t\n<p style=\"text-align: justify;\">\u00c0 l\u2019H\u00f4tel Calella de Palafrugell, nous vous assurons une exp\u00e9rience authentique en vous immergeant dans la culture et les traditions de la Costa Brava. Une partie de cette exp\u00e9rience vous pouvrez vivre dans notre Honesty Bar, o\u00f9 vous trouverez une s\u00e9lection des meilleurs produits locaux.<\/p>\n<p style=\"text-align: justify;\">Notre buffet de petit-d\u00e9jeuner propose une grande vari\u00e9t\u00e9 de fromages et de charcuteries de la r\u00e9gion, des yaourts fabriqu\u00e9s localement, du lait \u00e9cologique, des fruits locaux et des jus de fruits naturels.<\/p>\n<p style=\"text-align: justify;\">Une s\u00e9lection de produits bio et locaux sont servis jusqu\u2019\u00e0 11h30. Les \u0153ufs de poules \u00e9lev\u00e9es enlibre parcours fournissent un petit-d\u00e9jeuner riche en prot\u00e9ines et sont pr\u00e9par\u00e9s sur le moment.<\/p>\n\t\t\n<style>\n#text-1728869637 {\n  font-size: 1.2rem;\n}\n@media (min-width:550px) {\n  #text-1728869637 {\n    font-size: 1.3rem;\n  }\n}\n<\/style>\n\t<\/div>\n\t\n\t\t<\/div>\n\t\t\t\t\n<style>\n#col-327113480 > .col-inner {\n  padding: 0px 20px 0px 20px;\n}\n<\/style>\n\t<\/div>\n\n\t\n\n\t<div id=\"col-772435014\" class=\"col medium-5 small-12 large-5\"  >\n\t\t\t\t<div class=\"col-inner box-shadow-3 box-shadow-4-hover\" style=\"background-color:#79766e;\" >\n\t\t\t\n\t\t\t\n\t<div id=\"text-3563547753\" class=\"text\">\n\t\t\n<p style=\"text-align: justify;\"><em><strong>Honesty Bar<br \/><\/strong><\/em>Au\u00a0<em><strong>Honesty Bar<\/strong><\/em>, nous proposons \u00e9galement des tapas, des toasts traditionnels \u00e0 la tomate et des sandwichs pr\u00e9par\u00e9s avec les meilleurs produits, accompagn\u00e9s bien s\u00fbr d\u2019une bi\u00e8re fra\u00eeche ou d\u2019un verre de vin local. La seule chose que vous devez ajouter est une conversation d\u00e9tendue.<\/p>\n\t\t\n<style>\n#text-3563547753 {\n  font-size: 1.2rem;\n  color: rgb(255,255,255);\n}\n#text-3563547753 > * {\n  color: rgb(255,255,255);\n}\n@media (min-width:550px) {\n  #text-3563547753 {\n    font-size: 1.3rem;\n  }\n}\n<\/style>\n\t<\/div>\n\t\n\t\t<\/div>\n\t\t\t\t\n<style>\n#col-772435014 > .col-inner {\n  padding: 10px 20px 10px 20px;\n}\n@media (min-width:550px) {\n  #col-772435014 > .col-inner {\n    padding: 10px 40px 10px 40px;\n  }\n}\n<\/style>\n\t<\/div>\n\n\t\n<\/div>\n              <\/div>\n           <\/div>\n                            \n<style>\n#text-box-555795306 .text-inner {\n  padding: 20px 20px 20px 20px;\n}\n#text-box-555795306 {\n  width: 100%;\n}\n#text-box-555795306 .text-box-content {\n  font-size: 100%;\n}\n@media (min-width:550px) {\n  #text-box-555795306 .text-inner {\n    padding: 50px 20px 50px 20px;\n  }\n}\n<\/style>\n    <\/div>\n \n        <\/div>\n      <\/div>\n\n            \n<style>\n#banner-974251768 {\n  padding-top: 1375px;\n  background-color: rgb(245, 245, 245);\n}\n@media (min-width:550px) {\n  #banner-974251768 {\n    padding-top: 655px;\n  }\n}\n<\/style>\n  <\/div>\n\n\n\n\t<section class=\"section\" id=\"section_452135103\">\n\t\t<div class=\"section-bg fill\" >\n\t\t\t\t\t\t\t\t\t\n\t\t\t\n\n\t\t<\/div>\n\n\t\t\n\n\t\t<div class=\"section-content relative\">\n\t\t\t\n<div class=\"row row-collapse row-full-width\"  id=\"row-337327860\">\n\n\t<div id=\"col-1219445875\" class=\"col medium-4 small-12 large-4\"  >\n\t\t\t\t<div class=\"col-inner\"  >\n\t\t\t\n\t\t\t\n\n  <div class=\"banner has-hover has-parallax\" id=\"banner-196890922\">\n          <div class=\"banner-inner fill\">\n        <div class=\"banner-bg fill\" data-parallax=\"-5\" data-parallax-container=\".banner\" data-parallax-background>\n            <img loading=\"lazy\" decoding=\"async\" width=\"576\" height=\"400\" src=\"https:\/\/hotelhcp.com\/wp-content\/uploads\/2023\/07\/formatge.jpg\" class=\"bg attachment-large size-large\" alt=\"foto queso cabra\" \/>                                    \n                    <\/div>\n\t\t\n        <div class=\"banner-layers container\">\n            <div class=\"fill banner-link\"><\/div>            \n        <\/div>\n      <\/div>\n\n            \n<style>\n#banner-196890922 {\n  padding-top: 500px;\n}\n<\/style>\n  <\/div>\n\n\n\t\t<\/div>\n\t\t\t\t\t<\/div>\n\n\t\n\n\t<div id=\"col-1211762935\" class=\"col medium-4 small-12 large-4\"  >\n\t\t\t\t<div class=\"col-inner\"  >\n\t\t\t\n\t\t\t\n\n  <div class=\"banner has-hover has-parallax\" id=\"banner-2047199675\">\n          <div class=\"banner-inner fill\">\n        <div class=\"banner-bg fill\" data-parallax=\"-5\" data-parallax-container=\".banner\" data-parallax-background>\n            <img loading=\"lazy\" decoding=\"async\" width=\"465\" height=\"450\" src=\"https:\/\/hotelhcp.com\/wp-content\/uploads\/2023\/07\/vi.jpg\" class=\"bg attachment-large size-large\" alt=\"foto copas vino y uva\" \/>                                    \n                    <\/div>\n\t\t\n        <div class=\"banner-layers container\">\n            <div class=\"fill banner-link\"><\/div>            \n        <\/div>\n      <\/div>\n\n            \n<style>\n#banner-2047199675 {\n  padding-top: 500px;\n}\n<\/style>\n  <\/div>\n\n\n\t\t<\/div>\n\t\t\t\t\t<\/div>\n\n\t\n\n\t<div id=\"col-406313746\" class=\"col medium-4 small-12 large-4\"  >\n\t\t\t\t<div class=\"col-inner\"  >\n\t\t\t\n\t\t\t\n\n  <div class=\"banner has-hover has-parallax\" id=\"banner-1280191136\">\n          <div class=\"banner-inner fill\">\n        <div class=\"banner-bg fill\" data-parallax=\"-5\" data-parallax-container=\".banner\" data-parallax-background>\n                                                \n                    <\/div>\n\t\t\n        <div class=\"banner-layers container\">\n            <div class=\"fill banner-link\"><\/div>            \n        <\/div>\n      <\/div>\n\n            \n<style>\n#banner-1280191136 {\n  padding-top: 500px;\n}\n<\/style>\n  <\/div>\n\n\n\t\t<\/div>\n\t\t\t\t\t<\/div>\n\n\t\n<\/div>\n\n  <div class=\"banner has-hover imatge-fixa-form-contacte\" id=\"banner-281308585\">\n          <div class=\"banner-inner fill\">\n        <div class=\"banner-bg fill\" >\n                                    <div class=\"overlay\"><\/div>            \n                    <\/div>\n\t\t\n        <div class=\"banner-layers container\">\n            <div class=\"fill banner-link\"><\/div>            \n   <div id=\"text-box-902190783\" class=\"text-box banner-layer x50 md-x50 lg-x50 y50 md-y50 lg-y50 res-text\">\n                                <div class=\"text-box-content text dark\">\n              \n\t<div class=\"is-border\"\n\t\tstyle=\"border-width:2px 2px 2px 2px;\">\n\t<\/div>\n              <div class=\"text-inner text-center\">\n                  \n<h3><span style=\"font-size: 150%;\">Contactez avec nous<\/span><\/h3>\n<p>\u00a0<\/p>\n\n<div class=\"wpcf7 no-js\" id=\"wpcf7-f39398-o1\" lang=\"es-ES\" dir=\"ltr\" data-wpcf7-id=\"39398\">\n<div class=\"screen-reader-response\"><p role=\"status\" aria-live=\"polite\" aria-atomic=\"true\"><\/p> <ul><\/ul><\/div>\n<form action=\"\/fr\/wp-json\/wp\/v2\/pages\/51276#wpcf7-f39398-o1\" method=\"post\" class=\"wpcf7-form init\" aria-label=\"Formulario de contacto\" novalidate=\"novalidate\" data-status=\"init\">\n<div style=\"display: none;\">\n<input type=\"hidden\" name=\"_wpcf7\" value=\"39398\" \/>\n<input type=\"hidden\" name=\"_wpcf7_version\" value=\"6.0.5\" \/>\n<input type=\"hidden\" name=\"_wpcf7_locale\" value=\"es_ES\" \/>\n<input type=\"hidden\" name=\"_wpcf7_unit_tag\" value=\"wpcf7-f39398-o1\" \/>\n<input type=\"hidden\" name=\"_wpcf7_container_post\" value=\"0\" \/>\n<input type=\"hidden\" name=\"_wpcf7_posted_data_hash\" value=\"\" \/>\n<input type=\"hidden\" name=\"_wpcf7_recaptcha_response\" value=\"\" \/>\n<\/div>\n<div class=\"embolcall-form-contacte\">\n\t<div class=\"una_fila\">\n\t\t<div class=\"col1\">\n\t\t\t<div class=\"sec1\">\n\t\t\t\t<p><label> Nom<br \/>\n<span class=\"wpcf7-form-control-wrap\" data-name=\"your-name\"><input size=\"40\" maxlength=\"400\" class=\"wpcf7-form-control wpcf7-text wpcf7-validates-as-required\" aria-required=\"true\" aria-invalid=\"false\" value=\"\" type=\"text\" name=\"your-name\" \/><\/span> <\/label>\n\t\t\t\t<\/p>\n\t\t\t<\/div>\n\t\t<\/div>\n\t\t<div class=\"col2\">\n\t\t\t<div class=\"sec2\">\n\t\t\t\t<p><label> e-mail<br \/>\n<span class=\"wpcf7-form-control-wrap\" data-name=\"your-email\"><input size=\"40\" maxlength=\"400\" class=\"wpcf7-form-control wpcf7-email wpcf7-validates-as-required wpcf7-text wpcf7-validates-as-email\" aria-required=\"true\" aria-invalid=\"false\" value=\"\" type=\"email\" name=\"your-email\" \/><\/span> <\/label>\n\t\t\t\t<\/p>\n\t\t\t<\/div>\n\t\t<\/div>\n\t<\/div>\n\t<p><label> Message<br \/>\n<span class=\"wpcf7-form-control-wrap\" data-name=\"your-message\"><textarea cols=\"40\" rows=\"10\" maxlength=\"2000\" class=\"wpcf7-form-control wpcf7-textarea\" aria-invalid=\"false\" name=\"your-message\"><\/textarea><\/span> <\/label>\n\t<\/p>\n\t<div class=\"wpcf-accept\">\n\t\t<p><span class=\"wpcf7-form-control-wrap\" data-name=\"privacidad\"><span class=\"wpcf7-form-control wpcf7-acceptance\"><span class=\"wpcf7-list-item\"><label><input type=\"checkbox\" name=\"privacidad\" value=\"1\" aria-invalid=\"false\" \/><span class=\"wpcf7-list-item-label\">* J'ai lu et Accepte la <a href=\"\/fr\/confidentialite\/\" target=\"_blank\" rel=\"nofollow noreferrer noopener\">Politique de Confidentialit\u00e9<\/a><\/span><\/label><\/span><\/span><\/span>\n\t\t<\/p>\n\t\t<p><span class=\"wpcf7-form-control-wrap\" data-name=\"consentiment_newsletter\"><span class=\"wpcf7-form-control wpcf7-acceptance optional\"><span class=\"wpcf7-list-item\"><label><input type=\"checkbox\" name=\"consentiment_newsletter\" value=\"1\" aria-invalid=\"false\" \/><span class=\"wpcf7-list-item-label\">Je souhaite recevoir occasionnellement des informations commerciales de HCP par mail<\/span><\/label><\/span><\/span><\/span>\n\t\t<\/p>\n\t\n\t\t<p>*obligatoire\n\t\t<\/p>\n\t\t<p><input class=\"wpcf7-form-control wpcf7-submit has-spinner\" type=\"submit\" value=\"Envoyer\" \/>\n\t\t<\/p>\n\t<\/div>\n<\/div><div class=\"wpcf7-response-output\" aria-hidden=\"true\"><\/div>\n<\/form>\n<\/div>\n\n              <\/div>\n           <\/div>\n                            \n<style>\n#text-box-902190783 .text-inner {\n  padding: 50px 10px 0px 10px;\n}\n#text-box-902190783 {\n  width: 100%;\n}\n#text-box-902190783 .text-box-content {\n  font-size: 100%;\n}\n@media (min-width:550px) {\n  #text-box-902190783 .text-inner {\n    padding: 50px 0px 0px 0px;\n  }\n}\n<\/style>\n    <\/div>\n \n        <\/div>\n      <\/div>\n\n            \n<style>\n#banner-281308585 {\n  padding-top: 900px;\n}\n#banner-281308585 .overlay {\n  background-color: rgba(169, 210, 194, 0.506);\n}\n<\/style>\n  <\/div>\n\n\n\t\t<\/div>\n\n\t\t\n<style>\n#section_452135103 {\n  padding-top: 0px;\n  padding-bottom: 0px;\n}\n<\/style>\n\t<\/section>\n\t\n","protected":false},"excerpt":{"rendered":"","protected":false},"author":1,"featured_media":0,"parent":0,"menu_order":0,"comment_status":"closed","ping_status":"closed","template":"page-blank.php","meta":{"footnotes":""},"class_list":["post-51276","page","type-page","status-publish","hentry"],"_links":{"self":[{"href":"https:\/\/hotelhcp.com\/fr\/wp-json\/wp\/v2\/pages\/51276"}],"collection":[{"href":"https:\/\/hotelhcp.com\/fr\/wp-json\/wp\/v2\/pages"}],"about":[{"href":"https:\/\/hotelhcp.com\/fr\/wp-json\/wp\/v2\/types\/page"}],"author":[{"embeddable":true,"href":"https:\/\/hotelhcp.com\/fr\/wp-json\/wp\/v2\/users\/1"}],"replies":[{"embeddable":true,"href":"https:\/\/hotelhcp.com\/fr\/wp-json\/wp\/v2\/comments?post=51276"}],"version-history":[{"count":4,"href":"https:\/\/hotelhcp.com\/fr\/wp-json\/wp\/v2\/pages\/51276\/revisions"}],"predecessor-version":[{"id":51658,"href":"https:\/\/hotelhcp.com\/fr\/wp-json\/wp\/v2\/pages\/51276\/revisions\/51658"}],"wp:attachment":[{"href":"https:\/\/hotelhcp.com\/fr\/wp-json\/wp\/v2\/media?parent=51276"}],"curies":[{"name":"wp","href":"https:\/\/api.w.org\/{rel}","templated":true}]}}