{"id":51353,"date":"2023-07-10T16:54:44","date_gmt":"2023-07-10T16:54:44","guid":{"rendered":"https:\/\/hotelhcp.com\/blog\/"},"modified":"2023-09-15T07:42:34","modified_gmt":"2023-09-15T07:42:34","slug":"blog","status":"publish","type":"page","link":"https:\/\/hotelhcp.com\/es\/blog\/","title":{"rendered":"Palafrugell te enamorar\u00e1"},"content":{"rendered":"\n\t<section class=\"section imatge-fixa-blog\" id=\"section_1870627130\">\n\t\t<div class=\"section-bg fill\" >\n\t\t\t\t\t\t\t\t\t\n\t\t\t\n\n\t\t<\/div>\n\n\t\t\n\n\t\t<div class=\"section-content relative\">\n\t\t\t\n\t\t<\/div>\n\n\t\t\n<style>\n#section_1870627130 {\n  padding-top: 30px;\n  padding-bottom: 30px;\n}\n<\/style>\n\t<\/section>\n\t\n\n  <div class=\"banner has-hover\" id=\"banner-1639656333\">\n          <div class=\"banner-inner fill\">\n        <div class=\"banner-bg fill\" >\n                                                \n                    <\/div>\n\t\t\n        <div class=\"banner-layers container\">\n            <div class=\"fill banner-link\"><\/div>            \n   <div id=\"text-box-1121110199\" class=\"text-box banner-layer x50 md-x50 lg-x50 y50 md-y50 lg-y50 res-text\">\n                                <div class=\"text-box-content text dark\">\n              \n              <div class=\"text-inner text-center\">\n                  \n\t<div id=\"text-2616106885\" class=\"text\">\n\t\t\n<p>Descubrid junto a nosotros las novedades, actividades y festividades de la zona.<\/p>\n<p>Os ayudaremos a conocer todo lo que no pod\u00e9is perderos de la Costa Brava y sobre todo del entorno de Calella de Palafrugell<\/p>\n\t\t\n<style>\n#text-2616106885 {\n  font-size: 1.3rem;\n  text-align: center;\n}\n<\/style>\n\t<\/div>\n\t\n              <\/div>\n           <\/div>\n                            \n<style>\n#text-box-1121110199 {\n  width: 80%;\n}\n#text-box-1121110199 .text-box-content {\n  font-size: 100%;\n}\n<\/style>\n    <\/div>\n \n        <\/div>\n      <\/div>\n\n            \n<style>\n#banner-1639656333 {\n  padding-top: 450px;\n  background-color: #79766e;\n}\n@media (min-width:550px) {\n  #banner-1639656333 {\n    padding-top: 250px;\n  }\n}\n<\/style>\n  <\/div>\n\n\n\n\t<section class=\"section\" id=\"section_570193760\">\n\t\t<div class=\"section-bg fill\" >\n\t\t\t\t\t\t\t\t\t\n\t\t\t\n\n\t\t<\/div>\n\n\t\t\n\n\t\t<div class=\"section-content relative\">\n\t\t\t\n<div class=\"row row-full-width\"  id=\"row-723050566\">\n\n\t<div id=\"col-872775517\" class=\"col small-12 large-12\"  >\n\t\t\t\t<div class=\"col-inner text-center\"  >\n\t\t\t\n\t\t\t\n\t<div class=\"img has-hover x md-x lg-x y md-y lg-y\" id=\"image_1124482346\">\n\t\t\t\t\t\t\t\t<div class=\"img-inner dark\" >\n\t\t\t<img loading=\"lazy\" decoding=\"async\" width=\"214\" height=\"50\" src=\"https:\/\/hotelhcp.com\/wp-content\/uploads\/2023\/08\/3star-grey-214x50-1.png\" class=\"attachment-large size-large\" alt=\"logo 3 estrellas gris\" \/>\t\t\t\t\t\t\n\t\t\t\t\t<\/div>\n\t\t\t\t\t\t\t\t\n<style>\n#image_1124482346 {\n  width: 26%;\n}\n@media (min-width:550px) {\n  #image_1124482346 {\n    width: 6%;\n  }\n}\n<\/style>\n\t<\/div>\n\t\n<h2><span style=\"font-size: 150%;\">Palafrugell te enamorar\u00e1<\/span><\/h2>\n\t\t<\/div>\n\t\t\t\t\t<\/div>\n\n\t\n<\/div>\n\t\t<\/div>\n\n\t\t\n<style>\n#section_570193760 {\n  padding-top: 30px;\n  padding-bottom: 30px;\n  background-color: rgba(169, 210, 194, 0.256);\n}\n<\/style>\n\t<\/section>\n\t\n\n\t<section class=\"section\" id=\"section_529464497\">\n\t\t<div class=\"section-bg fill\" >\n\t\t\t\t\t\t\t\t\t\n\t\t\t\n\n\t\t<\/div>\n\n\t\t\n\n\t\t<div class=\"section-content relative\">\n\t\t\t\n\n  \n    <div class=\"row large-columns-1 medium-columns- small-columns-1 has-shadow row-box-shadow-3 row-box-shadow-4-hover\" >\n  <div class=\"col post-item\" >\n\t\t\t<div class=\"col-inner\">\n\t\t\t\t<div class=\"box box-vertical box-text-bottom box-blog-post has-hover\">\n            \t\t\t\t\t<div class=\"box-image\" style=\"width:40%;\">\n  \t\t\t\t\t\t<div class=\"image-cover\" style=\"padding-top:75%;\">\n\t\t\t\t\t\t\t<a href=\"https:\/\/hotelhcp.com\/es\/mejores-calas-palafrugell\/\" class=\"plain\" aria-label=\"Las mejores calas de Palafrugell\">\n\t\t\t\t\t\t\t\t<img loading=\"lazy\" decoding=\"async\" width=\"405\" height=\"574\" src=\"https:\/\/hotelhcp.com\/wp-content\/uploads\/2023\/06\/article-cales.jpg\" class=\"attachment-original size-original wp-post-image\" alt=\"\" srcset=\"https:\/\/hotelhcp.com\/wp-content\/uploads\/2023\/06\/article-cales.jpg 405w, https:\/\/hotelhcp.com\/wp-content\/uploads\/2023\/06\/article-cales-282x400.jpg 282w\" sizes=\"(max-width: 405px) 100vw, 405px\" \/>\t\t\t\t\t\t\t<\/a>\n  \t\t\t\t\t\t\t  \t\t\t\t\t\t\t  \t\t\t\t\t\t<\/div>\n  \t\t\t\t\t\t  \t\t\t\t\t<\/div>\n          \t\t\t\t\t<div class=\"box-text text-center\" >\n\t\t\t\t\t<div class=\"box-text-inner blog-post-inner\">\n\n\t\t\t\t\t\n\t\t\t\t\t\t\t\t\t\t<h5 class=\"post-title is-large uppercase\">\n\t\t\t\t\t\t<a href=\"https:\/\/hotelhcp.com\/es\/mejores-calas-palafrugell\/\" class=\"plain\">Las mejores calas de Palafrugell<\/a>\n\t\t\t\t\t<\/h5>\n\t\t\t\t\t\t\t\t\t\t<div class=\"is-divider\"><\/div>\n\t\t\t\t\t\t\t\t\t\t<p class=\"from_the_blog_excerpt \">\n\t\t\t\t\t\tLas mejores calas de Palafrugell te est\u00e1n esperando. Disfr\u00fatalas desde nuestro hotel, muy cerca de las [...]\t\t\t\t\t<\/p>\n\t\t\t\t\t                    \n\t\t\t\t\t\n\t\t\t\t\t\n\t\t\t\t\t<\/div>\n\t\t\t\t\t<\/div>\n\t\t\t\t\t\t\t\t\t<\/div>\n\t\t\t<\/div>\n\t\t<\/div><div class=\"col post-item\" >\n\t\t\t<div class=\"col-inner\">\n\t\t\t\t<div class=\"box box-vertical box-text-bottom box-blog-post has-hover\">\n            \t\t\t\t\t<div class=\"box-image\" style=\"width:40%;\">\n  \t\t\t\t\t\t<div class=\"image-cover\" style=\"padding-top:75%;\">\n\t\t\t\t\t\t\t<a href=\"https:\/\/hotelhcp.com\/es\/faro-sant-sebastia\/\" class=\"plain\" aria-label=\"Descubre los encantos del Faro de Sant Sebasti\u00e0\">\n\t\t\t\t\t\t\t\t<img loading=\"lazy\" decoding=\"async\" width=\"405\" height=\"574\" src=\"https:\/\/hotelhcp.com\/wp-content\/uploads\/2023\/06\/article-guia.jpg\" class=\"attachment-original size-original wp-post-image\" alt=\"\" srcset=\"https:\/\/hotelhcp.com\/wp-content\/uploads\/2023\/06\/article-guia.jpg 405w, https:\/\/hotelhcp.com\/wp-content\/uploads\/2023\/06\/article-guia-282x400.jpg 282w\" sizes=\"(max-width: 405px) 100vw, 405px\" \/>\t\t\t\t\t\t\t<\/a>\n  \t\t\t\t\t\t\t  \t\t\t\t\t\t\t  \t\t\t\t\t\t<\/div>\n  \t\t\t\t\t\t  \t\t\t\t\t<\/div>\n          \t\t\t\t\t<div class=\"box-text text-center\" >\n\t\t\t\t\t<div class=\"box-text-inner blog-post-inner\">\n\n\t\t\t\t\t\n\t\t\t\t\t\t\t\t\t\t<h5 class=\"post-title is-large uppercase\">\n\t\t\t\t\t\t<a href=\"https:\/\/hotelhcp.com\/es\/faro-sant-sebastia\/\" class=\"plain\">Descubre los encantos del Faro de Sant Sebasti\u00e0<\/a>\n\t\t\t\t\t<\/h5>\n\t\t\t\t\t\t\t\t\t\t<div class=\"is-divider\"><\/div>\n\t\t\t\t\t\t\t\t\t\t<p class=\"from_the_blog_excerpt \">\n\t\t\t\t\t\t\u00bfEst\u00e1s buscando un lugar \u00fanico e id\u00edlico para desconectar unos d\u00edas? En plena Costa Brava de [...]\t\t\t\t\t<\/p>\n\t\t\t\t\t                    \n\t\t\t\t\t\n\t\t\t\t\t\n\t\t\t\t\t<\/div>\n\t\t\t\t\t<\/div>\n\t\t\t\t\t\t\t\t\t<\/div>\n\t\t\t<\/div>\n\t\t<\/div><div class=\"col post-item\" >\n\t\t\t<div class=\"col-inner\">\n\t\t\t\t<div class=\"box box-vertical box-text-bottom box-blog-post has-hover\">\n            \t\t\t\t\t<div class=\"box-image\" style=\"width:40%;\">\n  \t\t\t\t\t\t<div class=\"image-cover\" style=\"padding-top:75%;\">\n\t\t\t\t\t\t\t<a href=\"https:\/\/hotelhcp.com\/es\/habaneras-tradicion-calella-palafrugell\/\" class=\"plain\" aria-label=\"Habaneras, una tradici\u00f3n en Calella de Palafrugell\">\n\t\t\t\t\t\t\t\t<img loading=\"lazy\" decoding=\"async\" width=\"405\" height=\"574\" src=\"https:\/\/hotelhcp.com\/wp-content\/uploads\/2023\/06\/article-havaneres.jpg\" class=\"attachment-original size-original wp-post-image\" alt=\"\" srcset=\"https:\/\/hotelhcp.com\/wp-content\/uploads\/2023\/06\/article-havaneres.jpg 405w, https:\/\/hotelhcp.com\/wp-content\/uploads\/2023\/06\/article-havaneres-282x400.jpg 282w\" sizes=\"(max-width: 405px) 100vw, 405px\" \/>\t\t\t\t\t\t\t<\/a>\n  \t\t\t\t\t\t\t  \t\t\t\t\t\t\t  \t\t\t\t\t\t<\/div>\n  \t\t\t\t\t\t  \t\t\t\t\t<\/div>\n          \t\t\t\t\t<div class=\"box-text text-center\" >\n\t\t\t\t\t<div class=\"box-text-inner blog-post-inner\">\n\n\t\t\t\t\t\n\t\t\t\t\t\t\t\t\t\t<h5 class=\"post-title is-large uppercase\">\n\t\t\t\t\t\t<a href=\"https:\/\/hotelhcp.com\/es\/habaneras-tradicion-calella-palafrugell\/\" class=\"plain\">Habaneras, una tradici\u00f3n en Calella de Palafrugell<\/a>\n\t\t\t\t\t<\/h5>\n\t\t\t\t\t\t\t\t\t\t<div class=\"is-divider\"><\/div>\n\t\t\t\t\t\t\t\t\t\t<p class=\"from_the_blog_excerpt \">\n\t\t\t\t\t\tEl primer s\u00e1bado de julio se celebra una de las tradiciones de Calella de Palafrugell m\u00e1s [...]\t\t\t\t\t<\/p>\n\t\t\t\t\t                    \n\t\t\t\t\t\n\t\t\t\t\t\n\t\t\t\t\t<\/div>\n\t\t\t\t\t<\/div>\n\t\t\t\t\t\t\t\t\t<\/div>\n\t\t\t<\/div>\n\t\t<\/div><\/div>\n\t\t<\/div>\n\n\t\t\n<style>\n#section_529464497 {\n  padding-top: 30px;\n  padding-bottom: 30px;\n  background-color: rgba(169, 210, 194, 0.256);\n}\n<\/style>\n\t<\/section>\n\t\n","protected":false},"excerpt":{"rendered":"","protected":false},"author":1,"featured_media":0,"parent":0,"menu_order":0,"comment_status":"closed","ping_status":"closed","template":"page-blank.php","meta":{"footnotes":""},"class_list":["post-51353","page","type-page","status-publish","hentry"],"_links":{"self":[{"href":"https:\/\/hotelhcp.com\/es\/wp-json\/wp\/v2\/pages\/51353"}],"collection":[{"href":"https:\/\/hotelhcp.com\/es\/wp-json\/wp\/v2\/pages"}],"about":[{"href":"https:\/\/hotelhcp.com\/es\/wp-json\/wp\/v2\/types\/page"}],"author":[{"embeddable":true,"href":"https:\/\/hotelhcp.com\/es\/wp-json\/wp\/v2\/users\/1"}],"replies":[{"embeddable":true,"href":"https:\/\/hotelhcp.com\/es\/wp-json\/wp\/v2\/comments?post=51353"}],"version-history":[{"count":4,"href":"https:\/\/hotelhcp.com\/es\/wp-json\/wp\/v2\/pages\/51353\/revisions"}],"predecessor-version":[{"id":51871,"href":"https:\/\/hotelhcp.com\/es\/wp-json\/wp\/v2\/pages\/51353\/revisions\/51871"}],"wp:attachment":[{"href":"https:\/\/hotelhcp.com\/es\/wp-json\/wp\/v2\/media?parent=51353"}],"curies":[{"name":"wp","href":"https:\/\/api.w.org\/{rel}","templated":true}]}}