{"id":51311,"date":"2023-08-14T11:24:22","date_gmt":"2023-08-14T11:24:22","guid":{"rendered":"https:\/\/hotelhcp.com\/sostenibilitat\/"},"modified":"2023-09-05T11:07:36","modified_gmt":"2023-09-05T11:07:36","slug":"sostenibilidad","status":"publish","type":"page","link":"https:\/\/hotelhcp.com\/es\/sostenibilidad\/","title":{"rendered":"En HCP somos sostenibles"},"content":{"rendered":"\n\t<section class=\"section imatge-fixa-sostenibilitat\" id=\"section_175000877\">\n\t\t<div class=\"section-bg fill\" >\n\t\t\t\t\t\t\t\t\t\n\t\t\t\n\n\t\t<\/div>\n\n\t\t\n\n\t\t<div class=\"section-content relative\">\n\t\t\t\n\t\t<\/div>\n\n\t\t\n<style>\n#section_175000877 {\n  padding-top: 30px;\n  padding-bottom: 30px;\n}\n<\/style>\n\t<\/section>\n\t\n\n  <div class=\"banner has-hover\" id=\"banner-1085668683\">\n          <div class=\"banner-inner fill\">\n        <div class=\"banner-bg fill\" >\n                                                \n\t<div class=\"is-border\"\n\t\tstyle=\"border-width:0px 0px 0px 0px;\">\n\t<\/div>\n                    <\/div>\n\t\t\n        <div class=\"banner-layers container\">\n            <div class=\"fill banner-link\"><\/div>            \n   <div id=\"text-box-313012916\" class=\"text-box banner-layer x50 md-x50 lg-x50 y50 md-y50 lg-y50 res-text\">\n                                <div class=\"text-box-content text dark\">\n              \n              <div class=\"text-inner text-center\">\n                  \n<div class=\"row\"  id=\"row-1219614160\">\n\n\t<div id=\"col-1322487892\" class=\"col small-12 large-12\"  >\n\t\t\t\t<div class=\"col-inner text-center\"  >\n\t\t\t\n\t\t\t\n\n\t\t<div class=\"icon-box featured-box icon-box-top text-left\"  >\n\t\t\t\t\t<div class=\"icon-box-img\" style=\"width: 120px\">\n\t\t\t\t<div class=\"icon\">\n\t\t\t\t\t<div class=\"icon-inner\" >\n\t\t\t\t\t\t<img loading=\"lazy\" decoding=\"async\" width=\"214\" height=\"50\" src=\"https:\/\/hotelhcp.com\/wp-content\/uploads\/2023\/08\/3star-white-214x50-1.png\" class=\"attachment-medium size-medium\" alt=\"\" \/>\t\t\t\t\t<\/div>\n\t\t\t\t<\/div>\n\t\t\t<\/div>\n\t\t\t\t<div class=\"icon-box-text last-reset\">\n\t\t\t\t\t\t\t\t\t\n\t<div id=\"text-1764035417\" class=\"text\">\n\t\t\n<h4><span style=\"font-size: 150%;\">HCP por la sostenibilidad<\/span><\/h4>\n\t\t\n<style>\n#text-1764035417 {\n  text-align: center;\n}\n<\/style>\n\t<\/div>\n\t\n\t\t<\/div>\n\t<\/div>\n\t\n\t\n\t\t<\/div>\n\t\t\t\t\t<\/div>\n\n\t\n<\/div>\n\t<div id=\"text-290122239\" class=\"text\">\n\t\t\n<p style=\"text-align: justify;\">En el <em><strong>Hotel HCP<\/strong><\/em> apostamos desde el primer d\u00eda, por un turismo m\u00e1s sostenible y responsable adoptando medidas de ahorro de energ\u00eda y agua, involucrando a la comunidad local y reforzando los valores de la conservaci\u00f3n y protecci\u00f3n de nuestro entorno.<\/p>\n<p style=\"text-align: justify;\">Y todas estas medidas nos permiten seguir los est\u00e1ndares de buenas pr\u00e1cticas basados \u200b\u200ben los 17 objetivos de desarrollo sostenible (ODS) de la ONU integrados en la Agenda 2030.<\/p>\n<p><a href=\"https:\/\/www.un.org\/sustainabledevelopment\/es\/development-agenda\/\" target=\"_blank\" rel=\"noopener\"><img loading=\"lazy\" decoding=\"async\" class=\"alignright wp-image-51715\" style=\"font-size: 14.4px; text-align: justify;\" src=\"https:\/\/hotelhcp.com\/wp-content\/uploads\/2023\/09\/onu2030-allargat.png\" alt=\"\" width=\"257\" height=\"50\" srcset=\"https:\/\/hotelhcp.com\/wp-content\/uploads\/2023\/09\/onu2030-allargat.png 770w, https:\/\/hotelhcp.com\/wp-content\/uploads\/2023\/09\/onu2030-allargat-768x150.png 768w\" sizes=\"(max-width: 257px) 100vw, 257px\" \/><\/a><\/p>\n\t\t\n<style>\n#text-290122239 {\n  font-size: 1.2rem;\n  text-align: center;\n  color: rgb(255,255,255);\n}\n#text-290122239 > * {\n  color: rgb(255,255,255);\n}\n@media (min-width:550px) {\n  #text-290122239 {\n    font-size: 1.3rem;\n  }\n}\n<\/style>\n\t<\/div>\n\t\n              <\/div>\n           <\/div>\n                            \n<style>\n#text-box-313012916 .text-inner {\n  padding: 20px 20px 20px 20px;\n}\n#text-box-313012916 {\n  width: 100%;\n}\n#text-box-313012916 .text-box-content {\n  font-size: 100%;\n}\n<\/style>\n    <\/div>\n \n        <\/div>\n      <\/div>\n\n            \n<style>\n#banner-1085668683 {\n  padding-top: 750px;\n  background-color: #79766e;\n}\n@media (min-width:550px) {\n  #banner-1085668683 {\n    padding-top: 600px;\n  }\n}\n<\/style>\n  <\/div>\n\n\n\n\t<section class=\"section imatge-fixa-sostenibilitat2\" id=\"section_422648140\">\n\t\t<div class=\"section-bg fill\" >\n\t\t\t\t\t\t\t\t\t\n\t\t\t\n\n\t\t<\/div>\n\n\t\t\n\n\t\t<div class=\"section-content relative\">\n\t\t\t\n<div class=\"row\"  id=\"row-144373209\">\n\n\t<div id=\"col-1411479460\" class=\"col small-12 large-12\"  >\n\t\t\t\t<div class=\"col-inner\"  >\n\t\t\t\n\t\t\t\n\t<div id=\"text-4129733303\" class=\"text\">\n\t\t\n<h3><em><span style=\"font-size: 120%;\">Algunos de nuestros granitos de arena son&#8230;<\/span><\/em><\/h3>\n\t\t\n<style>\n#text-4129733303 {\n  text-align: center;\n  color: #79766e;\n}\n#text-4129733303 > * {\n  color: #79766e;\n}\n<\/style>\n\t<\/div>\n\t\n\t\t<\/div>\n\t\t\t\t\t<\/div>\n\n\t\n<\/div>\n<div class=\"row\"  id=\"row-1828983693\">\n\n\t<div id=\"col-1305598458\" class=\"col hover-sostenibilitat medium-4 small-12 large-4\"  data-animate=\"flipInX\">\n\t\t\t\t<div class=\"col-inner text-left box-shadow-3 box-shadow-4-hover\" style=\"background-color:rgb(255, 255, 255);\" >\n\t\t\t\n\t\t\t\n<div class=\"row\"  id=\"row-2119583868\">\n\n\t<div id=\"col-1491372096\" class=\"col small-12 large-12\"  >\n\t\t\t\t<div class=\"col-inner\"  >\n\t\t\t\n\t\t\t\n\t<div class=\"img has-hover x md-x lg-x y md-y lg-y\" id=\"image_1795272309\">\n\t\t\t\t\t\t\t\t<div class=\"img-inner dark\" >\n\t\t\t<img loading=\"lazy\" decoding=\"async\" width=\"256\" height=\"256\" src=\"https:\/\/hotelhcp.com\/wp-content\/uploads\/2023\/08\/checkin-digital-logo.png\" class=\"attachment-large size-large\" alt=\"icono checkin digital\" \/>\t\t\t\t\t\t\n\t\t\t\t\t<\/div>\n\t\t\t\t\t\t\t\t\n<style>\n#image_1795272309 {\n  width: 20%;\n}\n<\/style>\n\t<\/div>\n\t\n\t<div id=\"text-1649253444\" class=\"text\">\n\t\t\n<h3><span style=\"font-size: 120%;\">Digitalitzaci\u00f3n<\/span><\/h3>\n<p>C\u00f3digos de entrada o check-in online, nos permite reducir el papel, ahorrar en energ\u00eda y mejorar nuestra gesti\u00f3n diaria para dar un mejor servicio.<\/p>\n\t\t\n<style>\n#text-1649253444 {\n  font-size: 1.2rem;\n}\n<\/style>\n\t<\/div>\n\t\n\t\t<\/div>\n\t\t\t\t\n<style>\n#col-1491372096 > .col-inner {\n  padding: 0px 20px 8px 20px;\n}\n<\/style>\n\t<\/div>\n\n\t\n<\/div>\n\t\t<\/div>\n\t\t\t\t\t<\/div>\n\n\t\n\n\t<div id=\"col-555804859\" class=\"col hover-sostenibilitat medium-4 small-12 large-4\"  data-animate=\"flipInX\">\n\t\t\t\t<div class=\"col-inner text-left box-shadow-3 box-shadow-4-hover\" style=\"background-color:rgb(255, 255, 255);\" >\n\t\t\t\n\t\t\t\n<div class=\"row\"  id=\"row-109752642\">\n\n\t<div id=\"col-1246638525\" class=\"col small-12 large-12\"  >\n\t\t\t\t<div class=\"col-inner\"  >\n\t\t\t\n\t\t\t\n\t<div class=\"img has-hover x md-x lg-x y md-y lg-y\" id=\"image_225754481\">\n\t\t\t\t\t\t\t\t<div class=\"img-inner dark\" >\n\t\t\t<img loading=\"lazy\" decoding=\"async\" width=\"256\" height=\"256\" src=\"https:\/\/hotelhcp.com\/wp-content\/uploads\/2023\/08\/fotovolatica-logo.png\" class=\"attachment-large size-large\" alt=\"icono placas solares\" \/>\t\t\t\t\t\t\n\t\t\t\t\t<\/div>\n\t\t\t\t\t\t\t\t\n<style>\n#image_225754481 {\n  width: 20%;\n}\n<\/style>\n\t<\/div>\n\t\n\t<div id=\"text-3504662934\" class=\"text\">\n\t\t\n<h3><span style=\"font-size: 120%;\">Generaci\u00f3n de energ\u00eda<\/span><\/h3>\n<p style=\"text-align: justify;\">Contamos con placas fotovoltaicas que generan m\u00e1s del 50% de la electricidad que gastamos en el hotel.<\/p>\n\t\t\n<style>\n#text-3504662934 {\n  font-size: 1.2rem;\n}\n<\/style>\n\t<\/div>\n\t\n\t\t<\/div>\n\t\t\t\t\n<style>\n#col-1246638525 > .col-inner {\n  padding: 0px 20px 38px 20px;\n}\n<\/style>\n\t<\/div>\n\n\t\n<\/div>\n\t\t<\/div>\n\t\t\t\t\t<\/div>\n\n\t\n\n\t<div id=\"col-5167589\" class=\"col hover-sostenibilitat medium-4 small-12 large-4\"  data-animate=\"flipInX\">\n\t\t\t\t<div class=\"col-inner text-left box-shadow-3 box-shadow-4-hover\" style=\"background-color:rgb(255, 255, 255);\" >\n\t\t\t\n\t\t\t\n<div class=\"row\"  id=\"row-415712677\">\n\n\t<div id=\"col-387461368\" class=\"col small-12 large-12\"  >\n\t\t\t\t<div class=\"col-inner\"  >\n\t\t\t\n\t\t\t\n\t<div class=\"img has-hover x md-x lg-x y md-y lg-y\" id=\"image_1547824562\">\n\t\t\t\t\t\t\t\t<div class=\"img-inner dark\" >\n\t\t\t<img loading=\"lazy\" decoding=\"async\" width=\"256\" height=\"256\" src=\"https:\/\/hotelhcp.com\/wp-content\/uploads\/2023\/08\/estalvi-aigua-logo.png\" class=\"attachment-large size-large\" alt=\"icono ahorro agua\" \/>\t\t\t\t\t\t\n\t\t\t\t\t<\/div>\n\t\t\t\t\t\t\t\t\n<style>\n#image_1547824562 {\n  width: 20%;\n}\n<\/style>\n\t<\/div>\n\t\n\t<div id=\"text-2775642879\" class=\"text\">\n\t\t\n<h3><span style=\"font-size: 120%;\">Ahorro Energ\u00e9tico<\/span><\/h3>\n<p>Hemos tomado medidas con grifos de apertura en agua fr\u00eda y difusores.<\/p>\n\t\t\n<style>\n#text-2775642879 {\n  font-size: 1.2rem;\n}\n<\/style>\n\t<\/div>\n\t\n\t\t<\/div>\n\t\t\t\t\n<style>\n#col-387461368 > .col-inner {\n  padding: 0px 20px 69px 20px;\n}\n<\/style>\n\t<\/div>\n\n\t\n<\/div>\n\t\t<\/div>\n\t\t\t\t\t<\/div>\n\n\t\n\n\t<div id=\"col-1612164010\" class=\"col hover-sostenibilitat medium-4 small-12 large-4\"  data-animate=\"flipInX\">\n\t\t\t\t<div class=\"col-inner text-left box-shadow-3 box-shadow-4-hover\" style=\"background-color:rgb(255, 255, 255);\" >\n\t\t\t\n\t\t\t\n<div class=\"row\"  id=\"row-1607497206\">\n\n\t<div id=\"col-1635039333\" class=\"col small-12 large-12\"  >\n\t\t\t\t<div class=\"col-inner\"  >\n\t\t\t\n\t\t\t\n\t<div class=\"img has-hover x md-x lg-x y md-y lg-y\" id=\"image_1875804386\">\n\t\t\t\t\t\t\t\t<div class=\"img-inner dark\" >\n\t\t\t<img loading=\"lazy\" decoding=\"async\" width=\"256\" height=\"256\" src=\"https:\/\/hotelhcp.com\/wp-content\/uploads\/2023\/08\/ioga-logo.png\" class=\"attachment-large size-large\" alt=\"icono yoga\" \/>\t\t\t\t\t\t\n\t\t\t\t\t<\/div>\n\t\t\t\t\t\t\t\t\n<style>\n#image_1875804386 {\n  width: 20%;\n}\n<\/style>\n\t<\/div>\n\t\n\t<div id=\"text-3409297407\" class=\"text\">\n\t\t\n<h3><span style=\"font-size: 120%;\">Profesionales de Palafrugell<\/span><\/h3>\n<p>Con los que colaboramos con para ofrecer otros servicios, como las actividades de yoga y zumba que organizamos en verano.<\/p>\n\t\t\n<style>\n#text-3409297407 {\n  font-size: 1.2rem;\n}\n<\/style>\n\t<\/div>\n\t\n\t\t<\/div>\n\t\t\t\t\n<style>\n#col-1635039333 > .col-inner {\n  padding: 0px 20px 26px 20px;\n}\n<\/style>\n\t<\/div>\n\n\t\n<\/div>\n\t\t<\/div>\n\t\t\t\t\t<\/div>\n\n\t\n\n\t<div id=\"col-73147478\" class=\"col hover-sostenibilitat medium-4 small-12 large-4\"  data-animate=\"flipInX\">\n\t\t\t\t<div class=\"col-inner text-left box-shadow-3 box-shadow-4-hover\" style=\"background-color:rgb(255, 255, 255);\" >\n\t\t\t\n\t\t\t\n<div class=\"row\"  id=\"row-384152859\">\n\n\t<div id=\"col-715022983\" class=\"col small-12 large-12\"  >\n\t\t\t\t<div class=\"col-inner\"  >\n\t\t\t\n\t\t\t\n\t<div class=\"img has-hover x md-x lg-x y md-y lg-y\" id=\"image_1999599956\">\n\t\t\t\t\t\t\t\t<div class=\"img-inner dark\" >\n\t\t\t<img loading=\"lazy\" decoding=\"async\" width=\"256\" height=\"256\" src=\"https:\/\/hotelhcp.com\/wp-content\/uploads\/2023\/08\/comers-just-logo.png\" class=\"attachment-large size-large\" alt=\"icono comercio justo\" \/>\t\t\t\t\t\t\n\t\t\t\t\t<\/div>\n\t\t\t\t\t\t\t\t\n<style>\n#image_1999599956 {\n  width: 20%;\n}\n<\/style>\n\t<\/div>\n\t\n\t<div id=\"text-1156031160\" class=\"text\">\n\t\t\n<h3><span style=\"font-size: 120%;\">Proveedores locales o de comercio justoy\u00a0sostenible<\/span><\/h3>\n<p>para los productos de nuestro desayuno<\/p>\n\t\t\n<style>\n#text-1156031160 {\n  font-size: 1.2rem;\n}\n<\/style>\n\t<\/div>\n\t\n\t\t<\/div>\n\t\t\t\t\n<style>\n#col-715022983 > .col-inner {\n  padding: 0px 20px 40px 20px;\n}\n<\/style>\n\t<\/div>\n\n\t\n<\/div>\n\t\t<\/div>\n\t\t\t\t\t<\/div>\n\n\t\n\n\t<div id=\"col-335519200\" class=\"col hover-sostenibilitat medium-4 small-12 large-4\"  data-animate=\"flipInX\">\n\t\t\t\t<div class=\"col-inner text-left box-shadow-3 box-shadow-4-hover\" style=\"background-color:rgb(255, 255, 255);\" >\n\t\t\t\n\t\t\t\n<div class=\"row\"  id=\"row-1244558372\">\n\n\t<div id=\"col-1293833457\" class=\"col small-12 large-12\"  >\n\t\t\t\t<div class=\"col-inner\"  >\n\t\t\t\n\t\t\t\n\t<div class=\"img has-hover x md-x lg-x y md-y lg-y\" id=\"image_653634328\">\n\t\t\t\t\t\t\t\t<div class=\"img-inner dark\" >\n\t\t\t<img loading=\"lazy\" decoding=\"async\" width=\"256\" height=\"256\" src=\"https:\/\/hotelhcp.com\/wp-content\/uploads\/2023\/08\/igualtat-genere.png\" class=\"attachment-large size-large\" alt=\"icono igualdad g\u00e9nero\" \/>\t\t\t\t\t\t\n\t\t\t\t\t<\/div>\n\t\t\t\t\t\t\t\t\n<style>\n#image_653634328 {\n  width: 20%;\n}\n<\/style>\n\t<\/div>\n\t\n\t<div id=\"text-4064321999\" class=\"text\">\n\t\t\n<h3><span style=\"font-size: 120%;\">Igualdad<\/span><\/h3>\n<p>con la que empoderemos a nuestro personal para fomentar\u00a0y evitar discriminaciones de g\u00e9nero o raciales.<\/p>\n\t\t\n<style>\n#text-4064321999 {\n  font-size: 1.2rem;\n}\n<\/style>\n\t<\/div>\n\t\n\t\t<\/div>\n\t\t\t\t\n<style>\n#col-1293833457 > .col-inner {\n  padding: 0px 20px 70px 20px;\n}\n<\/style>\n\t<\/div>\n\n\t\n<\/div>\n\t\t<\/div>\n\t\t\t\t\t<\/div>\n\n\t\n\n\t<div id=\"col-1569486732\" class=\"col hover-sostenibilitat medium-4 small-12 large-4\"  data-animate=\"flipInX\">\n\t\t\t\t<div class=\"col-inner text-left box-shadow-3 box-shadow-4-hover\" style=\"background-color:rgb(255, 255, 255);\" >\n\t\t\t\n\t\t\t\n<div class=\"row\"  id=\"row-911507770\">\n\n\t<div id=\"col-1685603197\" class=\"col small-12 large-12\"  >\n\t\t\t\t<div class=\"col-inner\"  >\n\t\t\t\n\t\t\t\n\t<div class=\"img has-hover x md-x lg-x y md-y lg-y\" id=\"image_1612623908\">\n\t\t\t\t\t\t\t\t<div class=\"img-inner dark\" >\n\t\t\t<img loading=\"lazy\" decoding=\"async\" width=\"256\" height=\"256\" src=\"https:\/\/hotelhcp.com\/wp-content\/uploads\/2023\/08\/qualitat-logo2.png\" class=\"attachment-large size-large\" alt=\"icono calidad verificada\" \/>\t\t\t\t\t\t\n\t\t\t\t\t<\/div>\n\t\t\t\t\t\t\t\t\n<style>\n#image_1612623908 {\n  width: 20%;\n}\n<\/style>\n\t<\/div>\n\t\n\t<div id=\"text-1084208899\" class=\"text\">\n\t\t\n<h3><span style=\"font-size: 120%;\">Calidad y Atenci\u00f3n personalizada<\/span><\/h3>\n<p>son dos de nuestras prioridades<\/p>\n\t\t\n<style>\n#text-1084208899 {\n  font-size: 1.2rem;\n}\n<\/style>\n\t<\/div>\n\t\n\t\t<\/div>\n\t\t\t\t\n<style>\n#col-1685603197 > .col-inner {\n  padding: 0px 20px 85px 20px;\n}\n<\/style>\n\t<\/div>\n\n\t\n<\/div>\n\t\t<\/div>\n\t\t\t\t\t<\/div>\n\n\t\n\n\t<div id=\"col-954882768\" class=\"col hover-sostenibilitat medium-4 small-12 large-4\"  data-animate=\"flipInX\">\n\t\t\t\t<div class=\"col-inner text-left box-shadow-3 box-shadow-4-hover\" style=\"background-color:rgb(255, 255, 255);\" >\n\t\t\t\n\t\t\t\n<div class=\"row\"  id=\"row-1642588317\">\n\n\t<div id=\"col-1347255142\" class=\"col small-12 large-12\"  >\n\t\t\t\t<div class=\"col-inner\"  >\n\t\t\t\n\t\t\t\n\t<div class=\"img has-hover x md-x lg-x y md-y lg-y\" id=\"image_161013723\">\n\t\t\t\t\t\t\t\t<div class=\"img-inner dark\" >\n\t\t\t<img loading=\"lazy\" decoding=\"async\" width=\"129\" height=\"80\" src=\"https:\/\/hotelhcp.com\/wp-content\/uploads\/2023\/07\/eco-icona129x80.png\" class=\"attachment-large size-large\" alt=\"icono eco\" \/>\t\t\t\t\t\t\n\t\t\t\t\t<\/div>\n\t\t\t\t\t\t\t\t\n<style>\n#image_161013723 {\n  width: 20%;\n}\n<\/style>\n\t<\/div>\n\t\n\t<div id=\"text-487989166\" class=\"text\">\n\t\t\n<h3><span style=\"font-size: 120%;\">Productos de Limpieza Ecol\u00f3gicos<\/span><\/h3>\n<p>para la limpieza general del hotel y los jabones de las habitaciones<\/p>\n\t\t\n<style>\n#text-487989166 {\n  font-size: 1.2rem;\n}\n<\/style>\n\t<\/div>\n\t\n\t\t<\/div>\n\t\t\t\t\n<style>\n#col-1347255142 > .col-inner {\n  padding: 0px 20px 74px 20px;\n}\n<\/style>\n\t<\/div>\n\n\t\n<\/div>\n\t\t<\/div>\n\t\t\t\t\t<\/div>\n\n\t\n\n\t<div id=\"col-1891756999\" class=\"col hover-sostenibilitat medium-4 small-12 large-4\"  data-animate=\"flipInX\">\n\t\t\t\t<div class=\"col-inner text-left box-shadow-3 box-shadow-4-hover\" style=\"background-color:rgb(255, 255, 255);\" >\n\t\t\t\n\t\t\t\n<div class=\"row\"  id=\"row-236738941\">\n\n\t<div id=\"col-1565034970\" class=\"col small-12 large-12\"  >\n\t\t\t\t<div class=\"col-inner\"  >\n\t\t\t\n\t\t\t\n\t<div class=\"img has-hover x md-x lg-x y md-y lg-y\" id=\"image_1574091364\">\n\t\t\t\t\t\t\t\t<div class=\"img-inner dark\" >\n\t\t\t<img loading=\"lazy\" decoding=\"async\" width=\"256\" height=\"256\" src=\"https:\/\/hotelhcp.com\/wp-content\/uploads\/2023\/08\/reduccio-plastics-logo.png\" class=\"attachment-large size-large\" alt=\"icono reciclaje pl\u00e1sticos\" \/>\t\t\t\t\t\t\n\t\t\t\t\t<\/div>\n\t\t\t\t\t\t\t\t\n<style>\n#image_1574091364 {\n  width: 20%;\n}\n<\/style>\n\t<\/div>\n\t\n\t<div id=\"text-949864531\" class=\"text\">\n\t\t\n<h3><span style=\"font-size: 120%;\">Reducci\u00f3n de Pl\u00e1sticos<\/span><\/h3>\n<p>apostamos por las botellas de vidrio y por la reducci\u00f3n de envases, por eso en nuestro hotel encontrar\u00e1 dispensadores de jabones ecol\u00f3gicos.<\/p>\n\t\t\n<style>\n#text-949864531 {\n  font-size: 1.2rem;\n}\n<\/style>\n\t<\/div>\n\t\n\t\t<\/div>\n\t\t\t\t\n<style>\n#col-1565034970 > .col-inner {\n  padding: 0px 20px 7px 20px;\n}\n<\/style>\n\t<\/div>\n\n\t\n<\/div>\n\t\t<\/div>\n\t\t\t\t\t<\/div>\n\n\t\n\n\t<div id=\"col-800060258\" class=\"col hover-sostenibilitat medium-4 small-12 large-4\"  data-animate=\"flipInX\">\n\t\t\t\t<div class=\"col-inner text-left box-shadow-3 box-shadow-4-hover\" style=\"background-color:rgb(255, 255, 255);\" >\n\t\t\t\n\t\t\t\n<div class=\"row\"  id=\"row-2105410547\">\n\n\t<div id=\"col-1945678865\" class=\"col small-12 large-12\"  >\n\t\t\t\t<div class=\"col-inner\"  >\n\t\t\t\n\t\t\t\n\t<div class=\"img has-hover x md-x lg-x y md-y lg-y\" id=\"image_891705115\">\n\t\t\t\t\t\t\t\t<div class=\"img-inner dark\" >\n\t\t\t<img loading=\"lazy\" decoding=\"async\" width=\"129\" height=\"80\" src=\"https:\/\/hotelhcp.com\/wp-content\/uploads\/2023\/07\/bici-icona129x80.png\" class=\"attachment-large size-large\" alt=\"icono bici\" \/>\t\t\t\t\t\t\n\t\t\t\t\t<\/div>\n\t\t\t\t\t\t\t\t\n<style>\n#image_891705115 {\n  width: 30%;\n}\n<\/style>\n\t<\/div>\n\t\n\t<div id=\"text-31503810\" class=\"text\">\n\t\t\n<h3><span style=\"font-size: 120%;\">Bicicletas<\/span><\/h3>\n<p>Disponemos de un espacio para guardar las bicicletas para incentivar la pr\u00e1ctica del turismo activo y fomentar la <strong>movilidad m\u00e1s sostenible<\/strong>.<\/p>\n\t\t\n<style>\n#text-31503810 {\n  font-size: 1.2rem;\n}\n<\/style>\n\t<\/div>\n\t\n\t\t<\/div>\n\t\t\t\t\n<style>\n#col-1945678865 > .col-inner {\n  padding: 0px 20px 0px 20px;\n}\n<\/style>\n\t<\/div>\n\n\t\n<\/div>\n\t\t<\/div>\n\t\t\t\t\t<\/div>\n\n\t\n\n<style>\n#row-1828983693 > .col > .col-inner {\n  padding: 50px 5px 0px 5px;\n}\n<\/style>\n<\/div>\n\t\t<\/div>\n\n\t\t\n<style>\n#section_422648140 {\n  padding-top: 100px;\n  padding-bottom: 100px;\n  background-color: rgba(169, 210, 194, 0.256);\n}\n<\/style>\n\t<\/section>\n\t\n\n  <div class=\"banner has-hover imatge-fixa-form-contacte\" id=\"banner-1510850840\">\n          <div class=\"banner-inner fill\">\n        <div class=\"banner-bg fill\" >\n                                    <div class=\"overlay\"><\/div>            \n                    <\/div>\n\t\t\n        <div class=\"banner-layers container\">\n            <div class=\"fill banner-link\"><\/div>            \n   <div id=\"text-box-447475911\" class=\"text-box banner-layer x50 md-x50 lg-x50 y50 md-y50 lg-y50 res-text\">\n                                <div class=\"text-box-content text dark\">\n              \n\t<div class=\"is-border\"\n\t\tstyle=\"border-width:2px 2px 2px 2px;\">\n\t<\/div>\n              <div class=\"text-inner text-center\">\n                  \n<h3><span style=\"font-size: 150%;\">Contacta con nosotros<\/span><\/h3>\n<p>\u00a0<\/p>\n\n<div class=\"wpcf7 no-js\" id=\"wpcf7-f19365-o1\" lang=\"es-ES\" dir=\"ltr\" data-wpcf7-id=\"19365\">\n<div class=\"screen-reader-response\"><p role=\"status\" aria-live=\"polite\" aria-atomic=\"true\"><\/p> <ul><\/ul><\/div>\n<form action=\"\/es\/wp-json\/wp\/v2\/pages\/51311#wpcf7-f19365-o1\" method=\"post\" class=\"wpcf7-form init\" aria-label=\"Formulario de contacto\" novalidate=\"novalidate\" data-status=\"init\">\n<div style=\"display: none;\">\n<input type=\"hidden\" name=\"_wpcf7\" value=\"19365\" \/>\n<input type=\"hidden\" name=\"_wpcf7_version\" value=\"6.0.5\" \/>\n<input type=\"hidden\" name=\"_wpcf7_locale\" value=\"es_ES\" \/>\n<input type=\"hidden\" name=\"_wpcf7_unit_tag\" value=\"wpcf7-f19365-o1\" \/>\n<input type=\"hidden\" name=\"_wpcf7_container_post\" value=\"0\" \/>\n<input type=\"hidden\" name=\"_wpcf7_posted_data_hash\" value=\"\" \/>\n<input type=\"hidden\" name=\"_wpcf7_recaptcha_response\" value=\"\" \/>\n<\/div>\n<div class=\"embolcall-form-contacte\">\n\t<div class=\"una_fila\">\n\t\t<div class=\"col1\">\n\t\t\t<div class=\"sec1\">\n\t\t\t\t<p><label> Nombre<br \/>\n<span class=\"wpcf7-form-control-wrap\" data-name=\"your-name\"><input size=\"40\" maxlength=\"400\" class=\"wpcf7-form-control wpcf7-text wpcf7-validates-as-required\" aria-required=\"true\" aria-invalid=\"false\" value=\"\" type=\"text\" name=\"your-name\" \/><\/span> <\/label>\n\t\t\t\t<\/p>\n\t\t\t<\/div>\n\t\t<\/div>\n\t\t<div class=\"col2\">\n\t\t\t<div class=\"sec2\">\n\t\t\t\t<p><label> Email<br \/>\n<span class=\"wpcf7-form-control-wrap\" data-name=\"your-email\"><input size=\"40\" maxlength=\"400\" class=\"wpcf7-form-control wpcf7-email wpcf7-validates-as-required wpcf7-text wpcf7-validates-as-email\" aria-required=\"true\" aria-invalid=\"false\" value=\"\" type=\"email\" name=\"your-email\" \/><\/span> <\/label>\n\t\t\t\t<\/p>\n\t\t\t<\/div>\n\t\t<\/div>\n\t<\/div>\n\t<p><label> Mensaje<br \/>\n<span class=\"wpcf7-form-control-wrap\" data-name=\"your-message\"><textarea cols=\"40\" rows=\"10\" maxlength=\"2000\" class=\"wpcf7-form-control wpcf7-textarea\" aria-invalid=\"false\" name=\"your-message\"><\/textarea><\/span> <\/label>\n\t<\/p>\n\t<div class=\"wpcf-accept\">\n\t\t<p><span class=\"wpcf7-form-control-wrap\" data-name=\"privacidad\"><span class=\"wpcf7-form-control wpcf7-acceptance\"><span class=\"wpcf7-list-item\"><label><input type=\"checkbox\" name=\"privacidad\" value=\"1\" aria-invalid=\"false\" \/><span class=\"wpcf7-list-item-label\">* He le\u00eddo y acepto la <a href=\"\/es\/privacidad\/\" target=\"_blank\" rel=\"nofollow noreferrer noopener\">Pol\u00edtica de Privacidad<\/a><\/span><\/label><\/span><\/span><\/span>\n\t\t<\/p>\n\t\t<p><span class=\"wpcf7-form-control-wrap\" data-name=\"consentiment_newsletter\"><span class=\"wpcf7-form-control wpcf7-acceptance optional\"><span class=\"wpcf7-list-item\"><label><input type=\"checkbox\" name=\"consentiment_newsletter\" value=\"1\" aria-invalid=\"false\" \/><span class=\"wpcf7-list-item-label\">DESEO recibir informaci\u00f3n comercial de HCP ocasionalmente y por mail<\/span><\/label><\/span><\/span><\/span>\n\t\t<\/p>\n\t\n\t\t<p>*obligatorio\n\t\t<\/p>\n\t\t<p><input class=\"wpcf7-form-control wpcf7-submit has-spinner\" type=\"submit\" value=\"Enviar\" \/>\n\t\t<\/p>\n\t<\/div>\n<\/div><div class=\"wpcf7-response-output\" aria-hidden=\"true\"><\/div>\n<\/form>\n<\/div>\n\n              <\/div>\n           <\/div>\n                            \n<style>\n#text-box-447475911 .text-inner {\n  padding: 50px 10px 0px 10px;\n}\n#text-box-447475911 {\n  width: 100%;\n}\n#text-box-447475911 .text-box-content {\n  font-size: 100%;\n}\n@media (min-width:550px) {\n  #text-box-447475911 .text-inner {\n    padding: 50px 0px 0px 0px;\n  }\n}\n<\/style>\n    <\/div>\n \n        <\/div>\n      <\/div>\n\n            \n<style>\n#banner-1510850840 {\n  padding-top: 900px;\n}\n#banner-1510850840 .overlay {\n  background-color: rgba(169, 210, 194, 0.506);\n}\n<\/style>\n  <\/div>\n\n\n","protected":false},"excerpt":{"rendered":"","protected":false},"author":1,"featured_media":0,"parent":0,"menu_order":0,"comment_status":"closed","ping_status":"closed","template":"","meta":{"footnotes":""},"class_list":["post-51311","page","type-page","status-publish","hentry"],"_links":{"self":[{"href":"https:\/\/hotelhcp.com\/es\/wp-json\/wp\/v2\/pages\/51311"}],"collection":[{"href":"https:\/\/hotelhcp.com\/es\/wp-json\/wp\/v2\/pages"}],"about":[{"href":"https:\/\/hotelhcp.com\/es\/wp-json\/wp\/v2\/types\/page"}],"author":[{"embeddable":true,"href":"https:\/\/hotelhcp.com\/es\/wp-json\/wp\/v2\/users\/1"}],"replies":[{"embeddable":true,"href":"https:\/\/hotelhcp.com\/es\/wp-json\/wp\/v2\/comments?post=51311"}],"version-history":[{"count":3,"href":"https:\/\/hotelhcp.com\/es\/wp-json\/wp\/v2\/pages\/51311\/revisions"}],"predecessor-version":[{"id":51724,"href":"https:\/\/hotelhcp.com\/es\/wp-json\/wp\/v2\/pages\/51311\/revisions\/51724"}],"wp:attachment":[{"href":"https:\/\/hotelhcp.com\/es\/wp-json\/wp\/v2\/media?parent=51311"}],"curies":[{"name":"wp","href":"https:\/\/api.w.org\/{rel}","templated":true}]}}