{"id":51277,"date":"2023-07-10T07:46:35","date_gmt":"2023-07-10T07:46:35","guid":{"rendered":"https:\/\/hotelhcp.com\/honesty-bar\/"},"modified":"2023-09-04T18:25:15","modified_gmt":"2023-09-04T18:25:15","slug":"honesty-bar","status":"publish","type":"page","link":"https:\/\/hotelhcp.com\/es\/honesty-bar\/","title":{"rendered":"Honesty Bar, tradici\u00f3n y gastronom\u00eda"},"content":{"rendered":"\n\t<section class=\"section imatge-fixa-honesty\" id=\"section_763019881\">\n\t\t<div class=\"section-bg fill\" >\n\t\t\t\t\t\t\t\t\t\n\t\t\t\n\n\t\t<\/div>\n\n\t\t\n\n\t\t<div class=\"section-content relative\">\n\t\t\t\n\t\t<\/div>\n\n\t\t\n<style>\n#section_763019881 {\n  padding-top: 30px;\n  padding-bottom: 30px;\n}\n<\/style>\n\t<\/section>\n\t\n\n\t<section class=\"section\" id=\"section_682194808\">\n\t\t<div class=\"section-bg fill\" >\n\t\t\t\t\t\t\t\t\t\n\t\t\t\n\n\t\t<\/div>\n\n\t\t\n\n\t\t<div class=\"section-content relative\">\n\t\t\t\n<div class=\"row row-full-width\"  id=\"row-1555211432\">\n\n\t<div id=\"col-1387340613\" class=\"col small-12 large-12\"  >\n\t\t\t\t<div class=\"col-inner text-center\"  >\n\t\t\t\n\t\t\t\n\n\t\t<div class=\"icon-box featured-box icon-box-top text-left\"  >\n\t\t\t\t\t<div class=\"icon-box-img\" style=\"width: 120px\">\n\t\t\t\t<div class=\"icon\">\n\t\t\t\t\t<div class=\"icon-inner\" >\n\t\t\t\t\t\t<img loading=\"lazy\" decoding=\"async\" width=\"214\" height=\"50\" src=\"https:\/\/hotelhcp.com\/wp-content\/uploads\/2023\/08\/3star-white-214x50-1.png\" class=\"attachment-medium size-medium\" alt=\"logo 3 estrellas blanco\" \/>\t\t\t\t\t<\/div>\n\t\t\t\t<\/div>\n\t\t\t<\/div>\n\t\t\t\t<div class=\"icon-box-text last-reset\">\n\t\t\t\t\t\t\t\t\t\n\t<div id=\"text-3352953748\" class=\"text\">\n\t\t\n<h2><span style=\"font-size: 120%;\">El sabor de lo aut\u00e9ntico<\/span><\/h2>\n\t\t\n<style>\n#text-3352953748 {\n  text-align: center;\n  color: rgb(255,255,255);\n}\n#text-3352953748 > * {\n  color: rgb(255,255,255);\n}\n<\/style>\n\t<\/div>\n\t\n\t\t<\/div>\n\t<\/div>\n\t\n\t\n\t\t<\/div>\n\t\t\t\t\t<\/div>\n\n\t\n\n<style>\n#row-1555211432 > .col > .col-inner {\n  padding: 20px 0px 0px 0px;\n}\n<\/style>\n<\/div>\n<div class=\"row\" style=\"max-width:800px\" id=\"row-684382711\">\n\n\t<div id=\"col-1800548240\" class=\"col medium-4 small-12 large-4\"  >\n\t\t\t\t<div class=\"col-inner\"  >\n\t\t\t\n\t\t\t\n\t<div class=\"box has-hover   has-hover box-text-bottom\" >\n\n\t\t<div class=\"box-image\" style=\"width:30%;\">\n\t\t\t\t\t\t<div class=\"\" >\n\t\t\t\t<img loading=\"lazy\" decoding=\"async\" width=\"256\" height=\"256\" src=\"https:\/\/hotelhcp.com\/wp-content\/uploads\/2023\/08\/comers-just-logo.png\" class=\"attachment- size-\" alt=\"icono comercio justo\" \/>\t\t\t\t\t\t\t\t\t\t\t<\/div>\n\t\t\t\t\t<\/div>\n\n\t\t<div class=\"box-text text-center\" >\n\t\t\t<div class=\"box-text-inner\">\n\t\t\t\t\n<h4>PRODUCTOS<br \/>\nDE PROXIMIDAD<\/h4>\n\t\t\t<\/div>\n\t\t<\/div>\n\t<\/div>\n\t\n\t\t<\/div>\n\t\t\t\t\t<\/div>\n\n\t\n\n\t<div id=\"col-81978014\" class=\"col medium-4 small-12 large-4\"  >\n\t\t\t\t<div class=\"col-inner\"  >\n\t\t\t\n\t\t\t\n\t<div class=\"box has-hover   has-hover box-text-bottom\" >\n\n\t\t<div class=\"box-image\" style=\"width:30%;\">\n\t\t\t\t\t\t<div class=\"\" >\n\t\t\t\t<img loading=\"lazy\" decoding=\"async\" width=\"256\" height=\"256\" src=\"https:\/\/hotelhcp.com\/wp-content\/uploads\/2023\/07\/cerveses-locals.png\" class=\"attachment- size-\" alt=\"icono cervezas locales\" \/>\t\t\t\t\t\t\t\t\t\t\t<\/div>\n\t\t\t\t\t<\/div>\n\n\t\t<div class=\"box-text text-center\" >\n\t\t\t<div class=\"box-text-inner\">\n\t\t\t\t\n<h4>PRODUCTOS<br \/>\nECOL\u00d3GICOS<\/h4>\n\t\t\t<\/div>\n\t\t<\/div>\n\t<\/div>\n\t\n\t\t<\/div>\n\t\t\t\t\t<\/div>\n\n\t\n\n\t<div id=\"col-1981497420\" class=\"col medium-4 small-12 large-4\"  >\n\t\t\t\t<div class=\"col-inner\"  >\n\t\t\t\n\t\t\t\n\t<div class=\"box has-hover   has-hover box-text-bottom\" >\n\n\t\t<div class=\"box-image\" style=\"width:30%;\">\n\t\t\t\t\t\t<div class=\"\" >\n\t\t\t\t<img loading=\"lazy\" decoding=\"async\" width=\"100\" height=\"100\" src=\"https:\/\/hotelhcp.com\/wp-content\/uploads\/2023\/07\/sardines100px.png\" class=\"attachment- size-\" alt=\"icono lata sardinas\" \/>\t\t\t\t\t\t\t\t\t\t\t<\/div>\n\t\t\t\t\t<\/div>\n\n\t\t<div class=\"box-text text-center\" >\n\t\t\t<div class=\"box-text-inner\">\n\t\t\t\t\n<h4>TAPAS<br \/>\nCASERAS<\/h4>\n\t\t\t<\/div>\n\t\t<\/div>\n\t<\/div>\n\t\n\t\t<\/div>\n\t\t\t\t\t<\/div>\n\n\t\n<\/div>\n\t\t<\/div>\n\n\t\t\n<style>\n#section_682194808 {\n  padding-top: 30px;\n  padding-bottom: 30px;\n  background-color: rgb(142, 134, 123);\n}\n<\/style>\n\t<\/section>\n\t\n\n  <div class=\"banner has-hover\" id=\"banner-795220221\">\n          <div class=\"banner-inner fill\">\n        <div class=\"banner-bg fill\" >\n                                                \n\t<div class=\"is-border\"\n\t\tstyle=\"border-width:0px 0px 0px 0px;\">\n\t<\/div>\n                    <\/div>\n\t\t\n        <div class=\"banner-layers container\">\n            <div class=\"fill banner-link\"><\/div>            \n   <div id=\"text-box-2046685736\" class=\"text-box banner-layer x50 md-x50 lg-x50 y50 md-y50 lg-y50 res-text\">\n                                <div class=\"text-box-content text \">\n              \n              <div class=\"text-inner text-center\">\n                  \n<div class=\"row\"  id=\"row-68382264\">\n\n\t<div id=\"col-1011159811\" class=\"col medium-7 small-12 large-7\"  >\n\t\t\t\t<div class=\"col-inner\"  >\n\t\t\t\n\t\t\t\n\t<div id=\"text-1551645381\" class=\"text\">\n\t\t\n<p style=\"text-align: justify;\">Nuestro room service abre hasta las 21.00h con una carta sencilla y de calidad, donde encontrar\u00e1 tapas, ensaladas y platos combinados, para poder cenar tranquilamente en el hotel.<\/p>\n<p style=\"text-align: justify;\">Para el desayuno encontrar\u00e1 un buffet con una gran variedad de los mejores quesos y embutidos de la zona, que podr\u00e1 acompa\u00f1ar con yogures artesanos, leche ecol\u00f3gica, y zumos y fruta naturales. Una oferta de productos ecol\u00f3gicos y de proximidad que podr\u00e1 saborear hasta las 11:00h.<\/p>\n<p style=\"text-align: justify;\">Adem\u00e1s, puede acompa\u00f1ar estos productos con las prote\u00ednas de huevos de gallinas criadas en libertad. Y por supuesto, se lo cocinaremos al momento y exactamente a su gusto.<\/p>\n\t\t\n<style>\n#text-1551645381 {\n  font-size: 1.2rem;\n}\n@media (min-width:550px) {\n  #text-1551645381 {\n    font-size: 1.3rem;\n  }\n}\n<\/style>\n\t<\/div>\n\t\n\t\t<\/div>\n\t\t\t\t\n<style>\n#col-1011159811 > .col-inner {\n  padding: 0px 20px 0px 20px;\n}\n<\/style>\n\t<\/div>\n\n\t\n\n\t<div id=\"col-273958893\" class=\"col medium-5 small-12 large-5\"  >\n\t\t\t\t<div class=\"col-inner box-shadow-3 box-shadow-4-hover\" style=\"background-color:#79766e;\" >\n\t\t\t\n\t\t\t\n\t<div id=\"text-4235285203\" class=\"text\">\n\t\t\n<p style=\"text-align: justify;\"><em><strong>Honesty Bar<br \/><\/strong><\/em>Fuera de la hora del desayuno y de la cena, nuestro bar se convierte en el Honesty Bar! \u00a1Coge ahora y paga despu\u00e9s! Como su nombre indica, tenemos plena confianza en nuestros clientes, que tienen la libertad de tomarse un caf\u00e9 o tomar una cerveza bien fr\u00eda, sin pasar por recepci\u00f3n. Lo \u00fanico que le pedimos, es que pague las consumiciones antes de marcharse.<\/p>\n\t\t\n<style>\n#text-4235285203 {\n  font-size: 1.2rem;\n  color: rgb(255,255,255);\n}\n#text-4235285203 > * {\n  color: rgb(255,255,255);\n}\n@media (min-width:550px) {\n  #text-4235285203 {\n    font-size: 1.3rem;\n  }\n}\n<\/style>\n\t<\/div>\n\t\n\t\t<\/div>\n\t\t\t\t\n<style>\n#col-273958893 > .col-inner {\n  padding: 10px 20px 10px 20px;\n}\n@media (min-width:550px) {\n  #col-273958893 > .col-inner {\n    padding: 10px 40px 10px 40px;\n  }\n}\n<\/style>\n\t<\/div>\n\n\t\n<\/div>\n              <\/div>\n           <\/div>\n                            \n<style>\n#text-box-2046685736 .text-inner {\n  padding: 20px 20px 20px 20px;\n}\n#text-box-2046685736 {\n  width: 100%;\n}\n#text-box-2046685736 .text-box-content {\n  font-size: 100%;\n}\n@media (min-width:550px) {\n  #text-box-2046685736 .text-inner {\n    padding: 50px 20px 50px 20px;\n  }\n}\n<\/style>\n    <\/div>\n \n        <\/div>\n      <\/div>\n\n            \n<style>\n#banner-795220221 {\n  padding-top: 1375px;\n  background-color: rgb(245, 245, 245);\n}\n@media (min-width:550px) {\n  #banner-795220221 {\n    padding-top: 555px;\n  }\n}\n<\/style>\n  <\/div>\n\n\n\n\t<section class=\"section\" id=\"section_1002623372\">\n\t\t<div class=\"section-bg fill\" >\n\t\t\t\t\t\t\t\t\t\n\t\t\t\n\n\t\t<\/div>\n\n\t\t\n\n\t\t<div class=\"section-content relative\">\n\t\t\t\n<div class=\"row row-collapse row-full-width\"  id=\"row-958326413\">\n\n\t<div id=\"col-2066199012\" class=\"col medium-4 small-12 large-4\"  >\n\t\t\t\t<div class=\"col-inner\"  >\n\t\t\t\n\t\t\t\n\n  <div class=\"banner has-hover has-parallax\" id=\"banner-2137093066\">\n          <div class=\"banner-inner fill\">\n        <div class=\"banner-bg fill\" data-parallax=\"-5\" data-parallax-container=\".banner\" data-parallax-background>\n            <img loading=\"lazy\" decoding=\"async\" width=\"576\" height=\"400\" src=\"https:\/\/hotelhcp.com\/wp-content\/uploads\/2023\/07\/formatge.jpg\" class=\"bg attachment-large size-large\" alt=\"foto queso cabra\" \/>                                    \n                    <\/div>\n\t\t\n        <div class=\"banner-layers container\">\n            <div class=\"fill banner-link\"><\/div>            \n        <\/div>\n      <\/div>\n\n            \n<style>\n#banner-2137093066 {\n  padding-top: 500px;\n}\n<\/style>\n  <\/div>\n\n\n\t\t<\/div>\n\t\t\t\t\t<\/div>\n\n\t\n\n\t<div id=\"col-743260215\" class=\"col medium-4 small-12 large-4\"  >\n\t\t\t\t<div class=\"col-inner\"  >\n\t\t\t\n\t\t\t\n\n  <div class=\"banner has-hover has-parallax\" id=\"banner-1358050140\">\n          <div class=\"banner-inner fill\">\n        <div class=\"banner-bg fill\" data-parallax=\"-5\" data-parallax-container=\".banner\" data-parallax-background>\n            <img loading=\"lazy\" decoding=\"async\" width=\"465\" height=\"450\" src=\"https:\/\/hotelhcp.com\/wp-content\/uploads\/2023\/07\/vi.jpg\" class=\"bg attachment-large size-large\" alt=\"foto copas vino y uva\" \/>                                    \n                    <\/div>\n\t\t\n        <div class=\"banner-layers container\">\n            <div class=\"fill banner-link\"><\/div>            \n        <\/div>\n      <\/div>\n\n            \n<style>\n#banner-1358050140 {\n  padding-top: 500px;\n}\n<\/style>\n  <\/div>\n\n\n\t\t<\/div>\n\t\t\t\t\t<\/div>\n\n\t\n\n\t<div id=\"col-765421578\" class=\"col medium-4 small-12 large-4\"  >\n\t\t\t\t<div class=\"col-inner\"  >\n\t\t\t\n\t\t\t\n\n  <div class=\"banner has-hover has-parallax\" id=\"banner-542792472\">\n          <div class=\"banner-inner fill\">\n        <div class=\"banner-bg fill\" data-parallax=\"-5\" data-parallax-container=\".banner\" data-parallax-background>\n                                                \n                    <\/div>\n\t\t\n        <div class=\"banner-layers container\">\n            <div class=\"fill banner-link\"><\/div>            \n        <\/div>\n      <\/div>\n\n            \n<style>\n#banner-542792472 {\n  padding-top: 500px;\n}\n<\/style>\n  <\/div>\n\n\n\t\t<\/div>\n\t\t\t\t\t<\/div>\n\n\t\n<\/div>\n\n  <div class=\"banner has-hover imatge-fixa-form-contacte\" id=\"banner-1871363488\">\n          <div class=\"banner-inner fill\">\n        <div class=\"banner-bg fill\" >\n                                    <div class=\"overlay\"><\/div>            \n                    <\/div>\n\t\t\n        <div class=\"banner-layers container\">\n            <div class=\"fill banner-link\"><\/div>            \n   <div id=\"text-box-691853140\" class=\"text-box banner-layer x50 md-x50 lg-x50 y50 md-y50 lg-y50 res-text\">\n                                <div class=\"text-box-content text dark\">\n              \n\t<div class=\"is-border\"\n\t\tstyle=\"border-width:2px 2px 2px 2px;\">\n\t<\/div>\n              <div class=\"text-inner text-center\">\n                  \n<h3><span style=\"font-size: 150%;\">Contacta con nosotros<\/span><\/h3>\n<p>\u00a0<\/p>\n\n<div class=\"wpcf7 no-js\" id=\"wpcf7-f19365-o1\" lang=\"es-ES\" dir=\"ltr\" data-wpcf7-id=\"19365\">\n<div class=\"screen-reader-response\"><p role=\"status\" aria-live=\"polite\" aria-atomic=\"true\"><\/p> <ul><\/ul><\/div>\n<form action=\"\/es\/wp-json\/wp\/v2\/pages\/51277#wpcf7-f19365-o1\" method=\"post\" class=\"wpcf7-form init\" aria-label=\"Formulario de contacto\" novalidate=\"novalidate\" data-status=\"init\">\n<div style=\"display: none;\">\n<input type=\"hidden\" name=\"_wpcf7\" value=\"19365\" \/>\n<input type=\"hidden\" name=\"_wpcf7_version\" value=\"6.0.5\" \/>\n<input type=\"hidden\" name=\"_wpcf7_locale\" value=\"es_ES\" \/>\n<input type=\"hidden\" name=\"_wpcf7_unit_tag\" value=\"wpcf7-f19365-o1\" \/>\n<input type=\"hidden\" name=\"_wpcf7_container_post\" value=\"0\" \/>\n<input type=\"hidden\" name=\"_wpcf7_posted_data_hash\" value=\"\" \/>\n<input type=\"hidden\" name=\"_wpcf7_recaptcha_response\" value=\"\" \/>\n<\/div>\n<div class=\"embolcall-form-contacte\">\n\t<div class=\"una_fila\">\n\t\t<div class=\"col1\">\n\t\t\t<div class=\"sec1\">\n\t\t\t\t<p><label> Nombre<br \/>\n<span class=\"wpcf7-form-control-wrap\" data-name=\"your-name\"><input size=\"40\" maxlength=\"400\" class=\"wpcf7-form-control wpcf7-text wpcf7-validates-as-required\" aria-required=\"true\" aria-invalid=\"false\" value=\"\" type=\"text\" name=\"your-name\" \/><\/span> <\/label>\n\t\t\t\t<\/p>\n\t\t\t<\/div>\n\t\t<\/div>\n\t\t<div class=\"col2\">\n\t\t\t<div class=\"sec2\">\n\t\t\t\t<p><label> Email<br \/>\n<span class=\"wpcf7-form-control-wrap\" data-name=\"your-email\"><input size=\"40\" maxlength=\"400\" class=\"wpcf7-form-control wpcf7-email wpcf7-validates-as-required wpcf7-text wpcf7-validates-as-email\" aria-required=\"true\" aria-invalid=\"false\" value=\"\" type=\"email\" name=\"your-email\" \/><\/span> <\/label>\n\t\t\t\t<\/p>\n\t\t\t<\/div>\n\t\t<\/div>\n\t<\/div>\n\t<p><label> Mensaje<br \/>\n<span class=\"wpcf7-form-control-wrap\" data-name=\"your-message\"><textarea cols=\"40\" rows=\"10\" maxlength=\"2000\" class=\"wpcf7-form-control wpcf7-textarea\" aria-invalid=\"false\" name=\"your-message\"><\/textarea><\/span> <\/label>\n\t<\/p>\n\t<div class=\"wpcf-accept\">\n\t\t<p><span class=\"wpcf7-form-control-wrap\" data-name=\"privacidad\"><span class=\"wpcf7-form-control wpcf7-acceptance\"><span class=\"wpcf7-list-item\"><label><input type=\"checkbox\" name=\"privacidad\" value=\"1\" aria-invalid=\"false\" \/><span class=\"wpcf7-list-item-label\">* He le\u00eddo y acepto la <a href=\"\/es\/privacidad\/\" target=\"_blank\" rel=\"nofollow noreferrer noopener\">Pol\u00edtica de Privacidad<\/a><\/span><\/label><\/span><\/span><\/span>\n\t\t<\/p>\n\t\t<p><span class=\"wpcf7-form-control-wrap\" data-name=\"consentiment_newsletter\"><span class=\"wpcf7-form-control wpcf7-acceptance optional\"><span class=\"wpcf7-list-item\"><label><input type=\"checkbox\" name=\"consentiment_newsletter\" value=\"1\" aria-invalid=\"false\" \/><span class=\"wpcf7-list-item-label\">DESEO recibir informaci\u00f3n comercial de HCP ocasionalmente y por mail<\/span><\/label><\/span><\/span><\/span>\n\t\t<\/p>\n\t\n\t\t<p>*obligatorio\n\t\t<\/p>\n\t\t<p><input class=\"wpcf7-form-control wpcf7-submit has-spinner\" type=\"submit\" value=\"Enviar\" \/>\n\t\t<\/p>\n\t<\/div>\n<\/div><div class=\"wpcf7-response-output\" aria-hidden=\"true\"><\/div>\n<\/form>\n<\/div>\n\n              <\/div>\n           <\/div>\n                            \n<style>\n#text-box-691853140 .text-inner {\n  padding: 50px 10px 0px 10px;\n}\n#text-box-691853140 {\n  width: 100%;\n}\n#text-box-691853140 .text-box-content {\n  font-size: 100%;\n}\n@media (min-width:550px) {\n  #text-box-691853140 .text-inner {\n    padding: 50px 0px 0px 0px;\n  }\n}\n<\/style>\n    <\/div>\n \n        <\/div>\n      <\/div>\n\n            \n<style>\n#banner-1871363488 {\n  padding-top: 900px;\n}\n#banner-1871363488 .overlay {\n  background-color: rgba(169, 210, 194, 0.506);\n}\n<\/style>\n  <\/div>\n\n\n\t\t<\/div>\n\n\t\t\n<style>\n#section_1002623372 {\n  padding-top: 0px;\n  padding-bottom: 0px;\n}\n<\/style>\n\t<\/section>\n\t\n","protected":false},"excerpt":{"rendered":"","protected":false},"author":1,"featured_media":0,"parent":0,"menu_order":0,"comment_status":"closed","ping_status":"closed","template":"page-blank.php","meta":{"footnotes":""},"class_list":["post-51277","page","type-page","status-publish","hentry"],"_links":{"self":[{"href":"https:\/\/hotelhcp.com\/es\/wp-json\/wp\/v2\/pages\/51277"}],"collection":[{"href":"https:\/\/hotelhcp.com\/es\/wp-json\/wp\/v2\/pages"}],"about":[{"href":"https:\/\/hotelhcp.com\/es\/wp-json\/wp\/v2\/types\/page"}],"author":[{"embeddable":true,"href":"https:\/\/hotelhcp.com\/es\/wp-json\/wp\/v2\/users\/1"}],"replies":[{"embeddable":true,"href":"https:\/\/hotelhcp.com\/es\/wp-json\/wp\/v2\/comments?post=51277"}],"version-history":[{"count":4,"href":"https:\/\/hotelhcp.com\/es\/wp-json\/wp\/v2\/pages\/51277\/revisions"}],"predecessor-version":[{"id":51656,"href":"https:\/\/hotelhcp.com\/es\/wp-json\/wp\/v2\/pages\/51277\/revisions\/51656"}],"wp:attachment":[{"href":"https:\/\/hotelhcp.com\/es\/wp-json\/wp\/v2\/media?parent=51277"}],"curies":[{"name":"wp","href":"https:\/\/api.w.org\/{rel}","templated":true}]}}